{"id":3201,"date":"2024-12-09T18:15:38","date_gmt":"2024-12-09T17:15:38","guid":{"rendered":"https:\/\/ribetglobal.com\/?post_type=product&#038;p=3201"},"modified":"2024-12-20T12:56:46","modified_gmt":"2024-12-20T11:56:46","slug":"coca-cola-regular-lata","status":"publish","type":"product","link":"https:\/\/ribetglobal.com\/index.php\/producto\/coca-cola-regular-lata\/","title":{"rendered":"COCA COLA REGULAR LATA. 33CL"},"content":{"rendered":"<p>La <strong>Coca-Cola de Importaci\u00f3n Etiquetada en espa\u00f1ol:<\/strong>\u00a0es la bebida gaseosa m\u00e1s emblem\u00e1tica y refrescante, conocida por su sabor \u00fanico y su efervescencia caracter\u00edstica. Presentada en lata de 33 cl, es ideal para disfrutar en cualquier momento, ya sea solo o acompa\u00f1ando una comida.<\/p>\n<p><strong>Caracter\u00edsticas principales:<\/strong><\/p>\n<ol>\n<li><strong>Sabor \u00fanico<\/strong>: La Coca-Cola Regular tiene su caracter\u00edstico sabor a cola, con un equilibrio perfecto entre dulzura y un toque de acidez, lo que la hace inconfundible y apreciada a nivel mundial.<\/li>\n<li><strong>Burbujas refrescantes<\/strong>: Su alta carbonataci\u00f3n proporciona una sensaci\u00f3n burbujeante y refrescante en cada sorbo, haciendo que sea una opci\u00f3n ideal para cualquier ocasi\u00f3n.<\/li>\n<li><strong>Formato conveniente<\/strong>: Presentada en una lata de 33 cl, es perfecta para disfrutar de forma r\u00e1pida y pr\u00e1ctica, manteniendo la frescura del producto en todo momento.<\/li>\n<li><strong>Versatilidad<\/strong>: Es ideal tanto para disfrutar sola como para acompa\u00f1ar una comida, especialmente en reuniones, comidas informales o para llevar contigo.<\/li>\n<li><strong>Inconfundible en todo el mundo<\/strong>: Coca-Cola sigue siendo una de las bebidas m\u00e1s populares y consumidas a nivel global, con millones de seguidores que disfrutan de su sabor cl\u00e1sico y su refrescante burbujeo.<\/li>\n<\/ol>\n<p>La <strong>Coca-Cola Regular en lata<\/strong> es la elecci\u00f3n perfecta para quienes buscan una bebida con sabor refrescante y lleno de historia, disponible en un c\u00f3modo formato de 33 cl para disfrutar en cualquier momento.<\/p>\n","protected":false},"excerpt":{"rendered":"<p>Pack de 24<\/p>\n","protected":false},"featured_media":3564,"template":"","meta":{"site-sidebar-layout":"default","site-content-layout":"","ast-site-content-layout":"default","site-content-style":"default","site-sidebar-style":"default","ast-global-header-display":"","ast-banner-title-visibility":"","ast-main-header-display":"","ast-hfb-above-header-display":"","ast-hfb-below-header-display":"","ast-hfb-mobile-header-display":"","site-post-title":"","ast-breadcrumbs-content":"","ast-featured-img":"","footer-sml-layout":"","ast-disable-related-posts":"","theme-transparent-header-meta":"default","adv-header-id-meta":"","stick-header-meta":"","header-above-stick-meta":"","header-main-stick-meta":"","header-below-stick-meta":"","astra-migrate-meta-layouts":"set","ast-page-background-enabled":"default","ast-page-background-meta":{"desktop":{"background-color":"var(--ast-global-color-4)","background-image":"","background-repeat":"repeat","background-position":"center center","background-size":"auto","background-attachment":"scroll","background-type":"","background-media":"","overlay-type":"","overlay-color":"","overlay-opacity":"","overlay-gradient":""},"tablet":{"background-color":"","background-image":"","background-repeat":"repeat","background-position":"center center","background-size":"auto","background-attachment":"scroll","background-type":"","background-media":"","overlay-type":"","overlay-color":"","overlay-opacity":"","overlay-gradient":""},"mobile":{"background-color":"","background-image":"","background-repeat":"repeat","background-position":"center center","background-size":"auto","background-attachment":"scroll","background-type":"","background-media":"","overlay-type":"","overlay-color":"","overlay-opacity":"","overlay-gradient":""}},"ast-content-background-meta":{"desktop":{"background-color":"var(--ast-global-color-5)","background-image":"","background-repeat":"repeat","background-position":"center center","background-size":"auto","background-attachment":"scroll","background-type":"","background-media":"","overlay-type":"","overlay-color":"","overlay-opacity":"","overlay-gradient":""},"tablet":{"background-color":"var(--ast-global-color-5)","background-image":"","background-repeat":"repeat","background-position":"center center","background-size":"auto","background-attachment":"scroll","background-type":"","background-media":"","overlay-type":"","overlay-color":"","overlay-opacity":"","overlay-gradient":""},"mobile":{"background-color":"var(--ast-global-color-5)","background-image":"","background-repeat":"repeat","background-position":"center center","background-size":"auto","background-attachment":"scroll","background-type":"","background-media":"","overlay-type":"","overlay-color":"","overlay-opacity":"","overlay-gradient":""}},"_themeisle_gutenberg_block_has_review":false},"product_brand":[],"product_cat":[34,20],"product_tag":[],"class_list":{"0":"post-3201","1":"product","2":"type-product","3":"status-publish","4":"has-post-thumbnail","6":"product_cat-coca-cola","7":"product_cat-refrescos","8":"desktop-align-center","9":"tablet-align-left","10":"mobile-align-left","12":"first","13":"instock","14":"featured","15":"taxable","16":"shipping-taxable","17":"product-type-simple"},"_links":{"self":[{"href":"https:\/\/ribetglobal.com\/index.php\/wp-json\/wp\/v2\/product\/3201","targetHints":{"allow":["GET"]}}],"collection":[{"href":"https:\/\/ribetglobal.com\/index.php\/wp-json\/wp\/v2\/product"}],"about":[{"href":"https:\/\/ribetglobal.com\/index.php\/wp-json\/wp\/v2\/types\/product"}],"version-history":[{"count":5,"href":"https:\/\/ribetglobal.com\/index.php\/wp-json\/wp\/v2\/product\/3201\/revisions"}],"predecessor-version":[{"id":3576,"href":"https:\/\/ribetglobal.com\/index.php\/wp-json\/wp\/v2\/product\/3201\/revisions\/3576"}],"wp:featuredmedia":[{"embeddable":true,"href":"https:\/\/ribetglobal.com\/index.php\/wp-json\/wp\/v2\/media\/3564"}],"wp:attachment":[{"href":"https:\/\/ribetglobal.com\/index.php\/wp-json\/wp\/v2\/media?parent=3201"}],"wp:term":[{"taxonomy":"product_brand","embeddable":true,"href":"https:\/\/ribetglobal.com\/index.php\/wp-json\/wp\/v2\/product_brand?post=3201"},{"taxonomy":"product_cat","embeddable":true,"href":"https:\/\/ribetglobal.com\/index.php\/wp-json\/wp\/v2\/product_cat?post=3201"},{"taxonomy":"product_tag","embeddable":true,"href":"https:\/\/ribetglobal.com\/index.php\/wp-json\/wp\/v2\/product_tag?post=3201"}],"curies":[{"name":"wp","href":"https:\/\/api.w.org\/{rel}","templated":true}]}}