{"id":3176,"date":"2024-12-09T17:46:23","date_gmt":"2024-12-09T16:46:23","guid":{"rendered":"https:\/\/ribetglobal.com\/?post_type=product&#038;p=3176"},"modified":"2024-12-16T16:30:08","modified_gmt":"2024-12-16T15:30:08","slug":"fanta-naranja-2l-pack6","status":"publish","type":"product","link":"https:\/\/ribetglobal.com\/index.php\/producto\/fanta-naranja-2l-pack6\/","title":{"rendered":"FANTA NARANJA 2L PACK6"},"content":{"rendered":"<p>Fanta Naranja 2L Pack 6 es una bebida refrescante y deliciosa con un vibrante sabor a naranja, ideal para compartir en reuniones y eventos. Este pack incluye seis botellas de 2 litros, proporcionando una gran cantidad para disfrutar en familia o con amigos.<\/p>\n<p><strong>Caracter\u00edsticas principales<\/strong>:<\/p>\n<ul>\n<li><strong>Sabor a naranja<\/strong>: Fanta Naranja destaca por su sabor dulce y c\u00edtrico, ideal para quienes disfrutan de bebidas frutales y refrescantes.<\/li>\n<li><strong>Formato familiar<\/strong>: Con seis botellas de 2 litros, este pack es conveniente y pr\u00e1ctico, asegurando que siempre haya suficiente bebida para todos.<\/li>\n<li><strong>Envase reciclable<\/strong>: Las botellas de Fanta est\u00e1n dise\u00f1adas para ser recicladas, contribuyendo a la protecci\u00f3n del medio ambiente.<\/li>\n<\/ul>\n<p>Este pack de Fanta Naranja 2L es perfecto para aquellos que buscan una bebida refrescante y con mucho sabor para cualquier ocasi\u00f3n.<\/p>\n","protected":false},"excerpt":{"rendered":"<p>Pack de 6<\/p>\n","protected":false},"featured_media":3177,"template":"","meta":{"site-sidebar-layout":"default","site-content-layout":"","ast-site-content-layout":"default","site-content-style":"default","site-sidebar-style":"default","ast-global-header-display":"","ast-banner-title-visibility":"","ast-main-header-display":"","ast-hfb-above-header-display":"","ast-hfb-below-header-display":"","ast-hfb-mobile-header-display":"","site-post-title":"","ast-breadcrumbs-content":"","ast-featured-img":"","footer-sml-layout":"","ast-disable-related-posts":"","theme-transparent-header-meta":"default","adv-header-id-meta":"","stick-header-meta":"","header-above-stick-meta":"","header-main-stick-meta":"","header-below-stick-meta":"","astra-migrate-meta-layouts":"set","ast-page-background-enabled":"default","ast-page-background-meta":{"desktop":{"background-color":"var(--ast-global-color-4)","background-image":"","background-repeat":"repeat","background-position":"center center","background-size":"auto","background-attachment":"scroll","background-type":"","background-media":"","overlay-type":"","overlay-color":"","overlay-opacity":"","overlay-gradient":""},"tablet":{"background-color":"","background-image":"","background-repeat":"repeat","background-position":"center center","background-size":"auto","background-attachment":"scroll","background-type":"","background-media":"","overlay-type":"","overlay-color":"","overlay-opacity":"","overlay-gradient":""},"mobile":{"background-color":"","background-image":"","background-repeat":"repeat","background-position":"center center","background-size":"auto","background-attachment":"scroll","background-type":"","background-media":"","overlay-type":"","overlay-color":"","overlay-opacity":"","overlay-gradient":""}},"ast-content-background-meta":{"desktop":{"background-color":"var(--ast-global-color-5)","background-image":"","background-repeat":"repeat","background-position":"center center","background-size":"auto","background-attachment":"scroll","background-type":"","background-media":"","overlay-type":"","overlay-color":"","overlay-opacity":"","overlay-gradient":""},"tablet":{"background-color":"var(--ast-global-color-5)","background-image":"","background-repeat":"repeat","background-position":"center center","background-size":"auto","background-attachment":"scroll","background-type":"","background-media":"","overlay-type":"","overlay-color":"","overlay-opacity":"","overlay-gradient":""},"mobile":{"background-color":"var(--ast-global-color-5)","background-image":"","background-repeat":"repeat","background-position":"center center","background-size":"auto","background-attachment":"scroll","background-type":"","background-media":"","overlay-type":"","overlay-color":"","overlay-opacity":"","overlay-gradient":""}},"_themeisle_gutenberg_block_has_review":false},"product_brand":[],"product_cat":[36,20],"product_tag":[],"class_list":{"0":"post-3176","1":"product","2":"type-product","3":"status-publish","4":"has-post-thumbnail","6":"product_cat-fanta","7":"product_cat-refrescos","8":"desktop-align-center","9":"tablet-align-left","10":"mobile-align-left","12":"first","13":"onbackorder","14":"taxable","15":"shipping-taxable","16":"product-type-simple"},"_links":{"self":[{"href":"https:\/\/ribetglobal.com\/index.php\/wp-json\/wp\/v2\/product\/3176","targetHints":{"allow":["GET"]}}],"collection":[{"href":"https:\/\/ribetglobal.com\/index.php\/wp-json\/wp\/v2\/product"}],"about":[{"href":"https:\/\/ribetglobal.com\/index.php\/wp-json\/wp\/v2\/types\/product"}],"version-history":[{"count":3,"href":"https:\/\/ribetglobal.com\/index.php\/wp-json\/wp\/v2\/product\/3176\/revisions"}],"predecessor-version":[{"id":3550,"href":"https:\/\/ribetglobal.com\/index.php\/wp-json\/wp\/v2\/product\/3176\/revisions\/3550"}],"wp:featuredmedia":[{"embeddable":true,"href":"https:\/\/ribetglobal.com\/index.php\/wp-json\/wp\/v2\/media\/3177"}],"wp:attachment":[{"href":"https:\/\/ribetglobal.com\/index.php\/wp-json\/wp\/v2\/media?parent=3176"}],"wp:term":[{"taxonomy":"product_brand","embeddable":true,"href":"https:\/\/ribetglobal.com\/index.php\/wp-json\/wp\/v2\/product_brand?post=3176"},{"taxonomy":"product_cat","embeddable":true,"href":"https:\/\/ribetglobal.com\/index.php\/wp-json\/wp\/v2\/product_cat?post=3176"},{"taxonomy":"product_tag","embeddable":true,"href":"https:\/\/ribetglobal.com\/index.php\/wp-json\/wp\/v2\/product_tag?post=3176"}],"curies":[{"name":"wp","href":"https:\/\/api.w.org\/{rel}","templated":true}]}}