{"id":3162,"date":"2024-12-09T17:10:41","date_gmt":"2024-12-09T16:10:41","guid":{"rendered":"https:\/\/ribetglobal.com\/?post_type=product&#038;p=3162"},"modified":"2024-12-13T12:25:56","modified_gmt":"2024-12-13T11:25:56","slug":"crema-whisky-baileys-1l","status":"publish","type":"product","link":"https:\/\/ribetglobal.com\/index.php\/producto\/crema-whisky-baileys-1l\/","title":{"rendered":"CREMA WHISKY BAILEYS 1L"},"content":{"rendered":"<p>La Crema de Whisky Baileys 1L es un licor irland\u00e9s ic\u00f3nico que combina whisky irland\u00e9s de alta calidad con crema l\u00e1ctea fresca y un toque de cacao y vainilla, creando una bebida cremosa y suave. Este licor es ideal para disfrutar solo, con hielo, o en una amplia variedad de c\u00f3cteles y postres, aportando un sabor distintivo y lujoso a cada sorbo.<\/p>\n<p><strong>Caracter\u00edsticas principales<\/strong>:<\/p>\n<ul>\n<li><strong>Licor cremoso<\/strong>: Su textura aterciopelada y rica lo convierte en una opci\u00f3n perfecta para quienes buscan un licor suave y lleno de sabor.<\/li>\n<li><strong>Notas de cacao y vainilla<\/strong>: Estos toques sutiles le a\u00f1aden un sabor dulce y equilibrado, ideal para paladares que prefieren licores de sabor suave.<\/li>\n<li><strong>Formato de 1 litro<\/strong>: Perfecto para compartir en ocasiones especiales o para tener en casa y disfrutar en diferentes preparaciones.<\/li>\n<li><strong>Versatilidad<\/strong>: Puede disfrutarse solo, en c\u00f3cteles, sobre hielo, o como complemento para postres como caf\u00e9 o helados.<\/li>\n<\/ul>\n<p>La Crema de Whisky Baileys es la elecci\u00f3n ideal para quienes desean un licor \u00fanico, cremoso y vers\u00e1til que realza cualquier momento de celebraci\u00f3n o relajaci\u00f3n con su inconfundible sabor irland\u00e9s.<\/p>\n","protected":false},"excerpt":{"rendered":"<p>Pack de 12<\/p>\n","protected":false},"featured_media":3163,"template":"","meta":{"site-sidebar-layout":"default","site-content-layout":"","ast-site-content-layout":"default","site-content-style":"default","site-sidebar-style":"default","ast-global-header-display":"","ast-banner-title-visibility":"","ast-main-header-display":"","ast-hfb-above-header-display":"","ast-hfb-below-header-display":"","ast-hfb-mobile-header-display":"","site-post-title":"","ast-breadcrumbs-content":"","ast-featured-img":"","footer-sml-layout":"","ast-disable-related-posts":"","theme-transparent-header-meta":"default","adv-header-id-meta":"","stick-header-meta":"","header-above-stick-meta":"","header-main-stick-meta":"","header-below-stick-meta":"","astra-migrate-meta-layouts":"set","ast-page-background-enabled":"default","ast-page-background-meta":{"desktop":{"background-color":"var(--ast-global-color-4)","background-image":"","background-repeat":"repeat","background-position":"center center","background-size":"auto","background-attachment":"scroll","background-type":"","background-media":"","overlay-type":"","overlay-color":"","overlay-opacity":"","overlay-gradient":""},"tablet":{"background-color":"","background-image":"","background-repeat":"repeat","background-position":"center center","background-size":"auto","background-attachment":"scroll","background-type":"","background-media":"","overlay-type":"","overlay-color":"","overlay-opacity":"","overlay-gradient":""},"mobile":{"background-color":"","background-image":"","background-repeat":"repeat","background-position":"center center","background-size":"auto","background-attachment":"scroll","background-type":"","background-media":"","overlay-type":"","overlay-color":"","overlay-opacity":"","overlay-gradient":""}},"ast-content-background-meta":{"desktop":{"background-color":"var(--ast-global-color-5)","background-image":"","background-repeat":"repeat","background-position":"center center","background-size":"auto","background-attachment":"scroll","background-type":"","background-media":"","overlay-type":"","overlay-color":"","overlay-opacity":"","overlay-gradient":""},"tablet":{"background-color":"var(--ast-global-color-5)","background-image":"","background-repeat":"repeat","background-position":"center center","background-size":"auto","background-attachment":"scroll","background-type":"","background-media":"","overlay-type":"","overlay-color":"","overlay-opacity":"","overlay-gradient":""},"mobile":{"background-color":"var(--ast-global-color-5)","background-image":"","background-repeat":"repeat","background-position":"center center","background-size":"auto","background-attachment":"scroll","background-type":"","background-media":"","overlay-type":"","overlay-color":"","overlay-opacity":"","overlay-gradient":""}},"_themeisle_gutenberg_block_has_review":false},"product_brand":[],"product_cat":[29,161],"product_tag":[],"class_list":{"0":"post-3162","1":"product","2":"type-product","3":"status-publish","4":"has-post-thumbnail","6":"product_cat-licores","7":"product_cat-licores-cremosos","8":"desktop-align-center","9":"tablet-align-left","10":"mobile-align-left","12":"first","13":"instock","14":"featured","15":"taxable","16":"shipping-taxable","17":"product-type-simple"},"_links":{"self":[{"href":"https:\/\/ribetglobal.com\/index.php\/wp-json\/wp\/v2\/product\/3162","targetHints":{"allow":["GET"]}}],"collection":[{"href":"https:\/\/ribetglobal.com\/index.php\/wp-json\/wp\/v2\/product"}],"about":[{"href":"https:\/\/ribetglobal.com\/index.php\/wp-json\/wp\/v2\/types\/product"}],"version-history":[{"count":3,"href":"https:\/\/ribetglobal.com\/index.php\/wp-json\/wp\/v2\/product\/3162\/revisions"}],"predecessor-version":[{"id":3495,"href":"https:\/\/ribetglobal.com\/index.php\/wp-json\/wp\/v2\/product\/3162\/revisions\/3495"}],"wp:featuredmedia":[{"embeddable":true,"href":"https:\/\/ribetglobal.com\/index.php\/wp-json\/wp\/v2\/media\/3163"}],"wp:attachment":[{"href":"https:\/\/ribetglobal.com\/index.php\/wp-json\/wp\/v2\/media?parent=3162"}],"wp:term":[{"taxonomy":"product_brand","embeddable":true,"href":"https:\/\/ribetglobal.com\/index.php\/wp-json\/wp\/v2\/product_brand?post=3162"},{"taxonomy":"product_cat","embeddable":true,"href":"https:\/\/ribetglobal.com\/index.php\/wp-json\/wp\/v2\/product_cat?post=3162"},{"taxonomy":"product_tag","embeddable":true,"href":"https:\/\/ribetglobal.com\/index.php\/wp-json\/wp\/v2\/product_tag?post=3162"}],"curies":[{"name":"wp","href":"https:\/\/api.w.org\/{rel}","templated":true}]}}