{"id":3160,"date":"2024-12-09T17:05:35","date_gmt":"2024-12-09T16:05:35","guid":{"rendered":"https:\/\/ribetglobal.com\/?post_type=product&#038;p=3160"},"modified":"2024-12-13T11:37:26","modified_gmt":"2024-12-13T10:37:26","slug":"agua-santes-creus-pet-0-5l-caja24","status":"publish","type":"product","link":"https:\/\/ribetglobal.com\/index.php\/producto\/agua-santes-creus-pet-0-5l-caja24\/","title":{"rendered":"AGUA SANTES CREUS PET 0.5L (CAJA24)"},"content":{"rendered":"<p><strong>Agua Santes Creus PET 0.5L (Caja de 24)<\/strong> es una soluci\u00f3n ideal para una hidrataci\u00f3n f\u00e1cil y continua, con una presentaci\u00f3n conveniente de 24 botellas de 0.5 litros cada una. Este formato es perfecto para llevar en el bolso, en la mochila o para tener en casa y en la oficina, ofreciendo agua mineral natural de alta calidad.<\/p>\n<p><strong>Caracter\u00edsticas principales<\/strong>:<\/p>\n<ul>\n<li><strong>Agua mineral natural<\/strong>: Agua de origen natural, con un sabor fresco y puro, perfecta para consumir diariamente.<\/li>\n<li><strong>Botellas PET de 0.5 litros<\/strong>: Tama\u00f1o pr\u00e1ctico para llevar a cualquier lugar, ideal para personas activas y para quienes buscan comodidad en su hidrataci\u00f3n.<\/li>\n<li><strong>Caja de 24 unidades<\/strong>: Proporciona un abastecimiento suficiente para varios d\u00edas o para compartir en reuniones, eventos, o simplemente para tener en casa.<\/li>\n<li><strong>Material PET<\/strong>: Botellas ligeras y resistentes, f\u00e1ciles de transportar y almacenar.<\/li>\n<\/ul>\n<p>Agua Santes Creus PET 0.5L en caja de 24 es la elecci\u00f3n perfecta para quienes buscan agua de calidad en un formato pr\u00e1ctico y listo para llevar, con la confiabilidad de una marca comprometida con la pureza y frescura de sus productos.<\/p>\n","protected":false},"excerpt":{"rendered":"<p>Pack de 24<\/p>\n","protected":false},"featured_media":3158,"template":"","meta":{"site-sidebar-layout":"default","site-content-layout":"","ast-site-content-layout":"default","site-content-style":"default","site-sidebar-style":"default","ast-global-header-display":"","ast-banner-title-visibility":"","ast-main-header-display":"","ast-hfb-above-header-display":"","ast-hfb-below-header-display":"","ast-hfb-mobile-header-display":"","site-post-title":"","ast-breadcrumbs-content":"","ast-featured-img":"","footer-sml-layout":"","ast-disable-related-posts":"","theme-transparent-header-meta":"default","adv-header-id-meta":"","stick-header-meta":"","header-above-stick-meta":"","header-main-stick-meta":"","header-below-stick-meta":"","astra-migrate-meta-layouts":"set","ast-page-background-enabled":"default","ast-page-background-meta":{"desktop":{"background-color":"var(--ast-global-color-4)","background-image":"","background-repeat":"repeat","background-position":"center center","background-size":"auto","background-attachment":"scroll","background-type":"","background-media":"","overlay-type":"","overlay-color":"","overlay-opacity":"","overlay-gradient":""},"tablet":{"background-color":"","background-image":"","background-repeat":"repeat","background-position":"center center","background-size":"auto","background-attachment":"scroll","background-type":"","background-media":"","overlay-type":"","overlay-color":"","overlay-opacity":"","overlay-gradient":""},"mobile":{"background-color":"","background-image":"","background-repeat":"repeat","background-position":"center center","background-size":"auto","background-attachment":"scroll","background-type":"","background-media":"","overlay-type":"","overlay-color":"","overlay-opacity":"","overlay-gradient":""}},"ast-content-background-meta":{"desktop":{"background-color":"var(--ast-global-color-5)","background-image":"","background-repeat":"repeat","background-position":"center center","background-size":"auto","background-attachment":"scroll","background-type":"","background-media":"","overlay-type":"","overlay-color":"","overlay-opacity":"","overlay-gradient":""},"tablet":{"background-color":"var(--ast-global-color-5)","background-image":"","background-repeat":"repeat","background-position":"center center","background-size":"auto","background-attachment":"scroll","background-type":"","background-media":"","overlay-type":"","overlay-color":"","overlay-opacity":"","overlay-gradient":""},"mobile":{"background-color":"var(--ast-global-color-5)","background-image":"","background-repeat":"repeat","background-position":"center center","background-size":"auto","background-attachment":"scroll","background-type":"","background-media":"","overlay-type":"","overlay-color":"","overlay-opacity":"","overlay-gradient":""}},"_themeisle_gutenberg_block_has_review":false},"product_brand":[],"product_cat":[30,160],"product_tag":[],"class_list":{"0":"post-3160","1":"product","2":"type-product","3":"status-publish","4":"has-post-thumbnail","6":"product_cat-aguas","7":"product_cat-santes-creus","8":"desktop-align-center","9":"tablet-align-left","10":"mobile-align-left","12":"first","13":"onbackorder","14":"taxable","15":"shipping-taxable","16":"product-type-simple"},"_links":{"self":[{"href":"https:\/\/ribetglobal.com\/index.php\/wp-json\/wp\/v2\/product\/3160","targetHints":{"allow":["GET"]}}],"collection":[{"href":"https:\/\/ribetglobal.com\/index.php\/wp-json\/wp\/v2\/product"}],"about":[{"href":"https:\/\/ribetglobal.com\/index.php\/wp-json\/wp\/v2\/types\/product"}],"version-history":[{"count":3,"href":"https:\/\/ribetglobal.com\/index.php\/wp-json\/wp\/v2\/product\/3160\/revisions"}],"predecessor-version":[{"id":3494,"href":"https:\/\/ribetglobal.com\/index.php\/wp-json\/wp\/v2\/product\/3160\/revisions\/3494"}],"wp:featuredmedia":[{"embeddable":true,"href":"https:\/\/ribetglobal.com\/index.php\/wp-json\/wp\/v2\/media\/3158"}],"wp:attachment":[{"href":"https:\/\/ribetglobal.com\/index.php\/wp-json\/wp\/v2\/media?parent=3160"}],"wp:term":[{"taxonomy":"product_brand","embeddable":true,"href":"https:\/\/ribetglobal.com\/index.php\/wp-json\/wp\/v2\/product_brand?post=3160"},{"taxonomy":"product_cat","embeddable":true,"href":"https:\/\/ribetglobal.com\/index.php\/wp-json\/wp\/v2\/product_cat?post=3160"},{"taxonomy":"product_tag","embeddable":true,"href":"https:\/\/ribetglobal.com\/index.php\/wp-json\/wp\/v2\/product_tag?post=3160"}],"curies":[{"name":"wp","href":"https:\/\/api.w.org\/{rel}","templated":true}]}}