{"id":3149,"date":"2024-12-05T17:51:56","date_gmt":"2024-12-05T16:51:56","guid":{"rendered":"https:\/\/ribetglobal.com\/?post_type=product&#038;p=3149"},"modified":"2024-12-16T16:21:52","modified_gmt":"2024-12-16T15:21:52","slug":"schweppes-limon-lata-33cl","status":"publish","type":"product","link":"https:\/\/ribetglobal.com\/index.php\/producto\/schweppes-limon-lata-33cl\/","title":{"rendered":"SCHWEPPES LIMON LATA 33CL"},"content":{"rendered":"<p><strong>Schweppes Lim\u00f3n Lata 33CL<\/strong> es una bebida refrescante con un sabor c\u00edtrico \u00fanico, perfecta para disfrutar en cualquier momento del d\u00eda. Con su formato de lata de 33 cl, esta bebida combina la calidad y el sabor inconfundible de Schweppes, ideal para aquellos que buscan un toque de frescura con el sabor cl\u00e1sico del lim\u00f3n.<\/p>\n<p>Caracter\u00edsticas principales:<\/p>\n<ul>\n<li><strong>Sabor c\u00edtrico refrescante<\/strong>: La combinaci\u00f3n de lim\u00f3n y burbujas suaves ofrece una experiencia de sabor refrescante y revitalizante, perfecta para cualquier ocasi\u00f3n.<\/li>\n<li><strong>Burbujeas de calidad<\/strong>: Schweppes Lim\u00f3n est\u00e1 elaborada con burbujas finas y constantes que aportan una sensaci\u00f3n de frescura y ligereza.<\/li>\n<li><strong>Tama\u00f1o de 33cl<\/strong>: La lata de 33 cl es ideal para disfrutar sola o como acompa\u00f1ante en una comida, ofreciendo una cantidad perfecta para una bebida refrescante en cualquier momento del d\u00eda.<\/li>\n<li><strong>Versatilidad<\/strong>: Esta bebida es perfecta para disfrutar de forma independiente, en combinados o como refresco para acompa\u00f1ar tus platos favoritos.<\/li>\n<\/ul>\n<p><strong>Schweppes Lim\u00f3n Lata 33CL<\/strong> es la opci\u00f3n ideal para quienes buscan un refresco cl\u00e1sico, de sabor refrescante y con burbujas, que aporta una sensaci\u00f3n revitalizante y perfecta para acompa\u00f1ar cualquier momento.<\/p>\n","protected":false},"excerpt":{"rendered":"<p>Pack de 24<\/p>\n","protected":false},"featured_media":3150,"template":"","meta":{"site-sidebar-layout":"default","site-content-layout":"","ast-site-content-layout":"default","site-content-style":"default","site-sidebar-style":"default","ast-global-header-display":"","ast-banner-title-visibility":"","ast-main-header-display":"","ast-hfb-above-header-display":"","ast-hfb-below-header-display":"","ast-hfb-mobile-header-display":"","site-post-title":"","ast-breadcrumbs-content":"","ast-featured-img":"","footer-sml-layout":"","ast-disable-related-posts":"","theme-transparent-header-meta":"default","adv-header-id-meta":"","stick-header-meta":"","header-above-stick-meta":"","header-main-stick-meta":"","header-below-stick-meta":"","astra-migrate-meta-layouts":"set","ast-page-background-enabled":"default","ast-page-background-meta":{"desktop":{"background-color":"var(--ast-global-color-4)","background-image":"","background-repeat":"repeat","background-position":"center center","background-size":"auto","background-attachment":"scroll","background-type":"","background-media":"","overlay-type":"","overlay-color":"","overlay-opacity":"","overlay-gradient":""},"tablet":{"background-color":"","background-image":"","background-repeat":"repeat","background-position":"center center","background-size":"auto","background-attachment":"scroll","background-type":"","background-media":"","overlay-type":"","overlay-color":"","overlay-opacity":"","overlay-gradient":""},"mobile":{"background-color":"","background-image":"","background-repeat":"repeat","background-position":"center center","background-size":"auto","background-attachment":"scroll","background-type":"","background-media":"","overlay-type":"","overlay-color":"","overlay-opacity":"","overlay-gradient":""}},"ast-content-background-meta":{"desktop":{"background-color":"var(--ast-global-color-5)","background-image":"","background-repeat":"repeat","background-position":"center center","background-size":"auto","background-attachment":"scroll","background-type":"","background-media":"","overlay-type":"","overlay-color":"","overlay-opacity":"","overlay-gradient":""},"tablet":{"background-color":"var(--ast-global-color-5)","background-image":"","background-repeat":"repeat","background-position":"center center","background-size":"auto","background-attachment":"scroll","background-type":"","background-media":"","overlay-type":"","overlay-color":"","overlay-opacity":"","overlay-gradient":""},"mobile":{"background-color":"var(--ast-global-color-5)","background-image":"","background-repeat":"repeat","background-position":"center center","background-size":"auto","background-attachment":"scroll","background-type":"","background-media":"","overlay-type":"","overlay-color":"","overlay-opacity":"","overlay-gradient":""}},"_themeisle_gutenberg_block_has_review":false},"product_brand":[],"product_cat":[20,41],"product_tag":[],"class_list":{"0":"post-3149","1":"product","2":"type-product","3":"status-publish","4":"has-post-thumbnail","6":"product_cat-refrescos","7":"product_cat-schweppes","8":"desktop-align-center","9":"tablet-align-left","10":"mobile-align-left","12":"first","13":"instock","14":"taxable","15":"shipping-taxable","16":"product-type-simple"},"_links":{"self":[{"href":"https:\/\/ribetglobal.com\/index.php\/wp-json\/wp\/v2\/product\/3149","targetHints":{"allow":["GET"]}}],"collection":[{"href":"https:\/\/ribetglobal.com\/index.php\/wp-json\/wp\/v2\/product"}],"about":[{"href":"https:\/\/ribetglobal.com\/index.php\/wp-json\/wp\/v2\/types\/product"}],"version-history":[{"count":3,"href":"https:\/\/ribetglobal.com\/index.php\/wp-json\/wp\/v2\/product\/3149\/revisions"}],"predecessor-version":[{"id":3544,"href":"https:\/\/ribetglobal.com\/index.php\/wp-json\/wp\/v2\/product\/3149\/revisions\/3544"}],"wp:featuredmedia":[{"embeddable":true,"href":"https:\/\/ribetglobal.com\/index.php\/wp-json\/wp\/v2\/media\/3150"}],"wp:attachment":[{"href":"https:\/\/ribetglobal.com\/index.php\/wp-json\/wp\/v2\/media?parent=3149"}],"wp:term":[{"taxonomy":"product_brand","embeddable":true,"href":"https:\/\/ribetglobal.com\/index.php\/wp-json\/wp\/v2\/product_brand?post=3149"},{"taxonomy":"product_cat","embeddable":true,"href":"https:\/\/ribetglobal.com\/index.php\/wp-json\/wp\/v2\/product_cat?post=3149"},{"taxonomy":"product_tag","embeddable":true,"href":"https:\/\/ribetglobal.com\/index.php\/wp-json\/wp\/v2\/product_tag?post=3149"}],"curies":[{"name":"wp","href":"https:\/\/api.w.org\/{rel}","templated":true}]}}