{"id":3143,"date":"2024-12-05T17:32:55","date_gmt":"2024-12-05T16:32:55","guid":{"rendered":"https:\/\/ribetglobal.com\/?post_type=product&#038;p=3143"},"modified":"2024-12-16T16:20:55","modified_gmt":"2024-12-16T15:20:55","slug":"fanta-limon-lata-33cl","status":"publish","type":"product","link":"https:\/\/ribetglobal.com\/index.php\/producto\/fanta-limon-lata-33cl\/","title":{"rendered":"FANTA LIMON LATA 33CL"},"content":{"rendered":"<p>Fanta Lim\u00f3n Lata 33CL es una bebida refrescante y popular elaborada en Espa\u00f1a, que ofrece el sabor caracter\u00edstico de la Fanta, pero con un toque c\u00edtrico y refrescante de lim\u00f3n. Est\u00e1 dise\u00f1ada para quienes buscan disfrutar de un refresco con una combinaci\u00f3n perfecta de sabor dulce y \u00e1cido.<\/p>\n<p>Caracter\u00edsticas principales:<\/p>\n<ul>\n<li><strong>Sabor lim\u00f3n<\/strong>: Fanta Lim\u00f3n est\u00e1 hecha con un sabor natural a lim\u00f3n, lo que la convierte en una opci\u00f3n refrescante y vibrante, ideal para acompa\u00f1ar cualquier momento del d\u00eda.<\/li>\n<li><strong>Elaboraci\u00f3n en Espa\u00f1a<\/strong>: Esta Fanta Lim\u00f3n es producida localmente, garantizando su frescura y calidad, a la vez que se apoya en la tradici\u00f3n de la marca en el pa\u00eds.<\/li>\n<li><strong>Tama\u00f1o de 33cl<\/strong>: Con una lata de 33cl, es el tama\u00f1o perfecto para disfrutar en cualquier ocasi\u00f3n, ya sea como una bebida individual o como parte de un refresco en reuniones o eventos.<\/li>\n<li><strong>Bebida refrescante<\/strong>: Con su burbujeante y refrescante sabor, es una excelente opci\u00f3n para disfrutar en d\u00edas calurosos, en reuniones sociales o simplemente para acompa\u00f1ar una comida.<\/li>\n<li><strong>Conveniencia del formato<\/strong>: La lata de 33cl es pr\u00e1ctica y f\u00e1cil de transportar, lo que la convierte en una opci\u00f3n popular para llevar en el bolso, mochila o en el coche.<\/li>\n<\/ul>\n<p>Fanta Lim\u00f3n Lata 33CL es una bebida refrescante, convenientemente empaquetada y fabricada en Espa\u00f1a, que se convierte en la opci\u00f3n ideal para quienes buscan disfrutar de una bebida con un toque c\u00edtrico y un sabor refrescante en cualquier lugar y momento.<\/p>\n","protected":false},"excerpt":{"rendered":"<p>Pack de 24<\/p>\n","protected":false},"featured_media":3144,"template":"","meta":{"site-sidebar-layout":"default","site-content-layout":"","ast-site-content-layout":"default","site-content-style":"default","site-sidebar-style":"default","ast-global-header-display":"","ast-banner-title-visibility":"","ast-main-header-display":"","ast-hfb-above-header-display":"","ast-hfb-below-header-display":"","ast-hfb-mobile-header-display":"","site-post-title":"","ast-breadcrumbs-content":"","ast-featured-img":"","footer-sml-layout":"","ast-disable-related-posts":"","theme-transparent-header-meta":"default","adv-header-id-meta":"","stick-header-meta":"","header-above-stick-meta":"","header-main-stick-meta":"","header-below-stick-meta":"","astra-migrate-meta-layouts":"set","ast-page-background-enabled":"default","ast-page-background-meta":{"desktop":{"background-color":"var(--ast-global-color-4)","background-image":"","background-repeat":"repeat","background-position":"center center","background-size":"auto","background-attachment":"scroll","background-type":"","background-media":"","overlay-type":"","overlay-color":"","overlay-opacity":"","overlay-gradient":""},"tablet":{"background-color":"","background-image":"","background-repeat":"repeat","background-position":"center center","background-size":"auto","background-attachment":"scroll","background-type":"","background-media":"","overlay-type":"","overlay-color":"","overlay-opacity":"","overlay-gradient":""},"mobile":{"background-color":"","background-image":"","background-repeat":"repeat","background-position":"center center","background-size":"auto","background-attachment":"scroll","background-type":"","background-media":"","overlay-type":"","overlay-color":"","overlay-opacity":"","overlay-gradient":""}},"ast-content-background-meta":{"desktop":{"background-color":"var(--ast-global-color-5)","background-image":"","background-repeat":"repeat","background-position":"center center","background-size":"auto","background-attachment":"scroll","background-type":"","background-media":"","overlay-type":"","overlay-color":"","overlay-opacity":"","overlay-gradient":""},"tablet":{"background-color":"var(--ast-global-color-5)","background-image":"","background-repeat":"repeat","background-position":"center center","background-size":"auto","background-attachment":"scroll","background-type":"","background-media":"","overlay-type":"","overlay-color":"","overlay-opacity":"","overlay-gradient":""},"mobile":{"background-color":"var(--ast-global-color-5)","background-image":"","background-repeat":"repeat","background-position":"center center","background-size":"auto","background-attachment":"scroll","background-type":"","background-media":"","overlay-type":"","overlay-color":"","overlay-opacity":"","overlay-gradient":""}},"_themeisle_gutenberg_block_has_review":false},"product_brand":[],"product_cat":[36,20],"product_tag":[],"class_list":{"0":"post-3143","1":"product","2":"type-product","3":"status-publish","4":"has-post-thumbnail","6":"product_cat-fanta","7":"product_cat-refrescos","8":"desktop-align-center","9":"tablet-align-left","10":"mobile-align-left","12":"first","13":"onbackorder","14":"taxable","15":"shipping-taxable","16":"product-type-simple"},"_links":{"self":[{"href":"https:\/\/ribetglobal.com\/index.php\/wp-json\/wp\/v2\/product\/3143","targetHints":{"allow":["GET"]}}],"collection":[{"href":"https:\/\/ribetglobal.com\/index.php\/wp-json\/wp\/v2\/product"}],"about":[{"href":"https:\/\/ribetglobal.com\/index.php\/wp-json\/wp\/v2\/types\/product"}],"version-history":[{"count":2,"href":"https:\/\/ribetglobal.com\/index.php\/wp-json\/wp\/v2\/product\/3143\/revisions"}],"predecessor-version":[{"id":3543,"href":"https:\/\/ribetglobal.com\/index.php\/wp-json\/wp\/v2\/product\/3143\/revisions\/3543"}],"wp:featuredmedia":[{"embeddable":true,"href":"https:\/\/ribetglobal.com\/index.php\/wp-json\/wp\/v2\/media\/3144"}],"wp:attachment":[{"href":"https:\/\/ribetglobal.com\/index.php\/wp-json\/wp\/v2\/media?parent=3143"}],"wp:term":[{"taxonomy":"product_brand","embeddable":true,"href":"https:\/\/ribetglobal.com\/index.php\/wp-json\/wp\/v2\/product_brand?post=3143"},{"taxonomy":"product_cat","embeddable":true,"href":"https:\/\/ribetglobal.com\/index.php\/wp-json\/wp\/v2\/product_cat?post=3143"},{"taxonomy":"product_tag","embeddable":true,"href":"https:\/\/ribetglobal.com\/index.php\/wp-json\/wp\/v2\/product_tag?post=3143"}],"curies":[{"name":"wp","href":"https:\/\/api.w.org\/{rel}","templated":true}]}}