{"id":3140,"date":"2024-12-05T17:28:32","date_gmt":"2024-12-05T16:28:32","guid":{"rendered":"https:\/\/ribetglobal.com\/?post_type=product&#038;p=3140"},"modified":"2024-12-13T11:35:45","modified_gmt":"2024-12-13T10:35:45","slug":"pringles-165g","status":"publish","type":"product","link":"https:\/\/ribetglobal.com\/index.php\/producto\/pringles-165g\/","title":{"rendered":"PRINGLES 165G"},"content":{"rendered":"<div class=\"flex max-w-full flex-col flex-grow\">\n<div class=\"min-h-8 text-message flex w-full flex-col items-end gap-2 whitespace-normal break-words [.text-message+&amp;]:mt-5\" dir=\"auto\" data-message-author-role=\"assistant\" data-message-id=\"5fcbbc0e-5ca7-41e2-b1f2-ee87ac7a19bd\" data-message-model-slug=\"gpt-4o-mini\">\n<div class=\"flex w-full flex-col gap-1 empty:hidden first:pt-[3px]\">\n<div class=\"markdown prose w-full break-words dark:prose-invert dark\">\n<p><strong>Pringles 165g<\/strong> es una popular y deliciosa opci\u00f3n de snack, perfecta para disfrutar en cualquier momento del d\u00eda. Estas crujientes papas fritas est\u00e1n elaboradas con una receta \u00fanica, que las hace diferentes a otras papas fritas tradicionales. Vienen en una lata de 165 gramos, lo que las hace ideales para compartir en reuniones, fiestas o como un tentempi\u00e9 individual.<\/p>\n<p>Pringles 165g se caracteriza por su sabor inconfundible y su textura ligera y crujiente. Su formato en lata mantiene las papas frescas por m\u00e1s tiempo, asegurando que cada bocado sea igual de sabroso. Disponibles en una amplia variedad de sabores, Pringles es la opci\u00f3n perfecta para quienes buscan una merienda sabrosa y conveniente.<\/p>\n<p>Adem\u00e1s, su formato pr\u00e1ctico y cerrado asegura que puedas disfrutar de las Pringles en cualquier lugar sin preocuparte por que se derramen o pierdan su frescura.<\/p>\n<\/div>\n<\/div>\n<\/div>\n<\/div>\n","protected":false},"excerpt":{"rendered":"<p>Pack de 19<\/p>\n","protected":false},"featured_media":3141,"template":"","meta":{"site-sidebar-layout":"default","site-content-layout":"","ast-site-content-layout":"default","site-content-style":"default","site-sidebar-style":"default","ast-global-header-display":"","ast-banner-title-visibility":"","ast-main-header-display":"","ast-hfb-above-header-display":"","ast-hfb-below-header-display":"","ast-hfb-mobile-header-display":"","site-post-title":"","ast-breadcrumbs-content":"","ast-featured-img":"","footer-sml-layout":"","ast-disable-related-posts":"","theme-transparent-header-meta":"default","adv-header-id-meta":"","stick-header-meta":"","header-above-stick-meta":"","header-main-stick-meta":"","header-below-stick-meta":"","astra-migrate-meta-layouts":"set","ast-page-background-enabled":"default","ast-page-background-meta":{"desktop":{"background-color":"var(--ast-global-color-4)","background-image":"","background-repeat":"repeat","background-position":"center center","background-size":"auto","background-attachment":"scroll","background-type":"","background-media":"","overlay-type":"","overlay-color":"","overlay-opacity":"","overlay-gradient":""},"tablet":{"background-color":"","background-image":"","background-repeat":"repeat","background-position":"center center","background-size":"auto","background-attachment":"scroll","background-type":"","background-media":"","overlay-type":"","overlay-color":"","overlay-opacity":"","overlay-gradient":""},"mobile":{"background-color":"","background-image":"","background-repeat":"repeat","background-position":"center center","background-size":"auto","background-attachment":"scroll","background-type":"","background-media":"","overlay-type":"","overlay-color":"","overlay-opacity":"","overlay-gradient":""}},"ast-content-background-meta":{"desktop":{"background-color":"var(--ast-global-color-5)","background-image":"","background-repeat":"repeat","background-position":"center center","background-size":"auto","background-attachment":"scroll","background-type":"","background-media":"","overlay-type":"","overlay-color":"","overlay-opacity":"","overlay-gradient":""},"tablet":{"background-color":"var(--ast-global-color-5)","background-image":"","background-repeat":"repeat","background-position":"center center","background-size":"auto","background-attachment":"scroll","background-type":"","background-media":"","overlay-type":"","overlay-color":"","overlay-opacity":"","overlay-gradient":""},"mobile":{"background-color":"var(--ast-global-color-5)","background-image":"","background-repeat":"repeat","background-position":"center center","background-size":"auto","background-attachment":"scroll","background-type":"","background-media":"","overlay-type":"","overlay-color":"","overlay-opacity":"","overlay-gradient":""}},"_themeisle_gutenberg_block_has_review":false},"product_brand":[],"product_cat":[31,159],"product_tag":[],"class_list":{"0":"post-3140","1":"product","2":"type-product","3":"status-publish","4":"has-post-thumbnail","6":"product_cat-alimentacion","7":"product_cat-pringles","8":"desktop-align-center","9":"tablet-align-left","10":"mobile-align-left","12":"first","13":"onbackorder","14":"taxable","15":"shipping-taxable","16":"product-type-simple"},"_links":{"self":[{"href":"https:\/\/ribetglobal.com\/index.php\/wp-json\/wp\/v2\/product\/3140","targetHints":{"allow":["GET"]}}],"collection":[{"href":"https:\/\/ribetglobal.com\/index.php\/wp-json\/wp\/v2\/product"}],"about":[{"href":"https:\/\/ribetglobal.com\/index.php\/wp-json\/wp\/v2\/types\/product"}],"version-history":[{"count":3,"href":"https:\/\/ribetglobal.com\/index.php\/wp-json\/wp\/v2\/product\/3140\/revisions"}],"predecessor-version":[{"id":3492,"href":"https:\/\/ribetglobal.com\/index.php\/wp-json\/wp\/v2\/product\/3140\/revisions\/3492"}],"wp:featuredmedia":[{"embeddable":true,"href":"https:\/\/ribetglobal.com\/index.php\/wp-json\/wp\/v2\/media\/3141"}],"wp:attachment":[{"href":"https:\/\/ribetglobal.com\/index.php\/wp-json\/wp\/v2\/media?parent=3140"}],"wp:term":[{"taxonomy":"product_brand","embeddable":true,"href":"https:\/\/ribetglobal.com\/index.php\/wp-json\/wp\/v2\/product_brand?post=3140"},{"taxonomy":"product_cat","embeddable":true,"href":"https:\/\/ribetglobal.com\/index.php\/wp-json\/wp\/v2\/product_cat?post=3140"},{"taxonomy":"product_tag","embeddable":true,"href":"https:\/\/ribetglobal.com\/index.php\/wp-json\/wp\/v2\/product_tag?post=3140"}],"curies":[{"name":"wp","href":"https:\/\/api.w.org\/{rel}","templated":true}]}}