{"id":3113,"date":"2024-12-05T16:26:29","date_gmt":"2024-12-05T15:26:29","guid":{"rendered":"https:\/\/ribetglobal.com\/?post_type=product&#038;p=3113"},"modified":"2024-12-13T11:27:24","modified_gmt":"2024-12-13T10:27:24","slug":"coca-cola-regular-lata-33cl","status":"publish","type":"product","link":"https:\/\/ribetglobal.com\/index.php\/producto\/coca-cola-regular-lata-33cl\/","title":{"rendered":"COCA COLA REGULAR LATA 33CL"},"content":{"rendered":"<p>La Coca-Cola Regular Lata 33CL es una de las bebidas m\u00e1s populares a nivel mundial, conocida por su sabor refrescante y \u00fanico. Este refresco carbonatado est\u00e1 perfectamente etiquetado, cumpliendo con la normativa vigente en Espa\u00f1a, para garantizar que el consumidor tenga acceso a toda la informaci\u00f3n necesaria sobre el producto.<\/p>\n<p><strong>Caracter\u00edsticas principales de Coca-Cola Regular Lata 33CL<\/strong>:<\/p>\n<ol>\n<li><strong>Sabor inconfundible<\/strong>: Coca-Cola ofrece un sabor refrescante con una combinaci\u00f3n de dulzura y un ligero toque de acidez, gracias a sus ingredientes exclusivos.<\/li>\n<li><strong>Ingredientes claros<\/strong>: Esta bebida contiene agua carbonatada, az\u00facar, \u00e1cido fosf\u00f3rico, cafe\u00edna, entre otros, todos los cuales est\u00e1n claramente indicados en su etiqueta.<\/li>\n<li><strong>Pr\u00e1ctica presentaci\u00f3n<\/strong>: La lata de 33CL es ideal para disfrutar en cualquier momento del d\u00eda, proporcionando una cantidad perfecta para una experiencia refrescante.<\/li>\n<li><strong>Etiquetado transparente<\/strong>: La lata est\u00e1 debidamente etiquetada con la informaci\u00f3n nutricional y los ingredientes, para cumplir con la normativa espa\u00f1ola y europea.<\/li>\n<li><strong>Sin alcohol<\/strong>: Coca-Cola Regular es una bebida no alcoh\u00f3lica, apta para todos los p\u00fablicos.<\/li>\n<\/ol>\n<p>La Coca-Cola Regular Lata 33CL es una opci\u00f3n perfecta para quienes buscan una bebida refrescante y energ\u00e9tica para cualquier ocasi\u00f3n, ya sea para acompa\u00f1ar una comida o disfrutar en un d\u00eda caluroso. Gracias a su formato pr\u00e1ctico y su sabor \u00fanico, es una de las bebidas m\u00e1s consumidas tanto en Espa\u00f1a como en todo el mundo.<\/p>\n","protected":false},"excerpt":{"rendered":"<p>Pack de 24<\/p>\n","protected":false},"featured_media":3114,"template":"","meta":{"site-sidebar-layout":"default","site-content-layout":"","ast-site-content-layout":"default","site-content-style":"default","site-sidebar-style":"default","ast-global-header-display":"","ast-banner-title-visibility":"","ast-main-header-display":"","ast-hfb-above-header-display":"","ast-hfb-below-header-display":"","ast-hfb-mobile-header-display":"","site-post-title":"","ast-breadcrumbs-content":"","ast-featured-img":"","footer-sml-layout":"","ast-disable-related-posts":"","theme-transparent-header-meta":"default","adv-header-id-meta":"","stick-header-meta":"","header-above-stick-meta":"","header-main-stick-meta":"","header-below-stick-meta":"","astra-migrate-meta-layouts":"set","ast-page-background-enabled":"default","ast-page-background-meta":{"desktop":{"background-color":"var(--ast-global-color-4)","background-image":"","background-repeat":"repeat","background-position":"center center","background-size":"auto","background-attachment":"scroll","background-type":"","background-media":"","overlay-type":"","overlay-color":"","overlay-opacity":"","overlay-gradient":""},"tablet":{"background-color":"","background-image":"","background-repeat":"repeat","background-position":"center center","background-size":"auto","background-attachment":"scroll","background-type":"","background-media":"","overlay-type":"","overlay-color":"","overlay-opacity":"","overlay-gradient":""},"mobile":{"background-color":"","background-image":"","background-repeat":"repeat","background-position":"center center","background-size":"auto","background-attachment":"scroll","background-type":"","background-media":"","overlay-type":"","overlay-color":"","overlay-opacity":"","overlay-gradient":""}},"ast-content-background-meta":{"desktop":{"background-color":"var(--ast-global-color-5)","background-image":"","background-repeat":"repeat","background-position":"center center","background-size":"auto","background-attachment":"scroll","background-type":"","background-media":"","overlay-type":"","overlay-color":"","overlay-opacity":"","overlay-gradient":""},"tablet":{"background-color":"var(--ast-global-color-5)","background-image":"","background-repeat":"repeat","background-position":"center center","background-size":"auto","background-attachment":"scroll","background-type":"","background-media":"","overlay-type":"","overlay-color":"","overlay-opacity":"","overlay-gradient":""},"mobile":{"background-color":"var(--ast-global-color-5)","background-image":"","background-repeat":"repeat","background-position":"center center","background-size":"auto","background-attachment":"scroll","background-type":"","background-media":"","overlay-type":"","overlay-color":"","overlay-opacity":"","overlay-gradient":""}},"_themeisle_gutenberg_block_has_review":false},"product_brand":[],"product_cat":[34,20],"product_tag":[],"class_list":{"0":"post-3113","1":"product","2":"type-product","3":"status-publish","4":"has-post-thumbnail","6":"product_cat-coca-cola","7":"product_cat-refrescos","8":"desktop-align-center","9":"tablet-align-left","10":"mobile-align-left","12":"first","13":"onbackorder","14":"taxable","15":"shipping-taxable","16":"product-type-simple"},"_links":{"self":[{"href":"https:\/\/ribetglobal.com\/index.php\/wp-json\/wp\/v2\/product\/3113","targetHints":{"allow":["GET"]}}],"collection":[{"href":"https:\/\/ribetglobal.com\/index.php\/wp-json\/wp\/v2\/product"}],"about":[{"href":"https:\/\/ribetglobal.com\/index.php\/wp-json\/wp\/v2\/types\/product"}],"version-history":[{"count":2,"href":"https:\/\/ribetglobal.com\/index.php\/wp-json\/wp\/v2\/product\/3113\/revisions"}],"predecessor-version":[{"id":3487,"href":"https:\/\/ribetglobal.com\/index.php\/wp-json\/wp\/v2\/product\/3113\/revisions\/3487"}],"wp:featuredmedia":[{"embeddable":true,"href":"https:\/\/ribetglobal.com\/index.php\/wp-json\/wp\/v2\/media\/3114"}],"wp:attachment":[{"href":"https:\/\/ribetglobal.com\/index.php\/wp-json\/wp\/v2\/media?parent=3113"}],"wp:term":[{"taxonomy":"product_brand","embeddable":true,"href":"https:\/\/ribetglobal.com\/index.php\/wp-json\/wp\/v2\/product_brand?post=3113"},{"taxonomy":"product_cat","embeddable":true,"href":"https:\/\/ribetglobal.com\/index.php\/wp-json\/wp\/v2\/product_cat?post=3113"},{"taxonomy":"product_tag","embeddable":true,"href":"https:\/\/ribetglobal.com\/index.php\/wp-json\/wp\/v2\/product_tag?post=3113"}],"curies":[{"name":"wp","href":"https:\/\/api.w.org\/{rel}","templated":true}]}}