{"id":3110,"date":"2024-12-05T16:18:16","date_gmt":"2024-12-05T15:18:16","guid":{"rendered":"https:\/\/ribetglobal.com\/?post_type=product&#038;p=3110"},"modified":"2024-12-16T16:11:38","modified_gmt":"2024-12-16T15:11:38","slug":"leche-asturiana-entera-brick-1l","status":"publish","type":"product","link":"https:\/\/ribetglobal.com\/index.php\/producto\/leche-asturiana-entera-brick-1l\/","title":{"rendered":"LECHE ASTURIANA ENTERA BRICK 1L"},"content":{"rendered":"<p><strong>Leche Asturiana Entera Brick 1L<\/strong> es una leche de alta calidad, perfecta para aquellos que buscan disfrutar de un sabor tradicional y aut\u00e9ntico. Procedente de las mejores granjas de Asturias, esta leche entera es ideal para toda la familia, ya que ofrece un sabor suave y cremoso que encanta a grandes y peque\u00f1os.<\/p>\n<p><strong>Caracter\u00edsticas principales:<\/strong><\/p>\n<ol>\n<li><strong>Sabor cremoso y natural<\/strong>: Leche Asturiana Entera tiene un sabor rico y cremoso, gracias a su contenido completo de grasa, lo que la hace perfecta para tomar sola, en caf\u00e9s o en tus cereales favoritos.<\/li>\n<li><strong>Alta calidad<\/strong>: Esta leche es 100% natural y fresca, obtenida de vacas alimentadas con pastos de calidad en las monta\u00f1as asturianas, lo que garantiza un producto sin aditivos ni conservantes innecesarios.<\/li>\n<li><strong>F\u00e1cil de usar<\/strong>: Presentada en un pr\u00e1ctico brick de 1L, es ideal para tener en casa y disfrutar en cualquier momento del d\u00eda. Su formato permite una conservaci\u00f3n f\u00e1cil y c\u00f3moda sin necesidad de refrigeraci\u00f3n hasta su apertura.<\/li>\n<li><strong>Ideal para toda la familia<\/strong>: La Leche Asturiana Entera es perfecta para el desayuno, merienda o cualquier momento del d\u00eda. Es una opci\u00f3n excelente para recetas de reposter\u00eda, batidos, caf\u00e9s, o simplemente para acompa\u00f1ar tus galletas favoritas.<\/li>\n<li><strong>Nutritiva<\/strong>: Contiene los nutrientes esenciales que el cuerpo necesita, como calcio, vitaminas y prote\u00ednas, que ayudan a fortalecer huesos y dientes, y proporcionan la energ\u00eda necesaria para un d\u00eda activo.<\/li>\n<\/ol>\n","protected":false},"excerpt":{"rendered":"<p>Pack de 6<\/p>\n","protected":false},"featured_media":3111,"template":"","meta":{"site-sidebar-layout":"default","site-content-layout":"","ast-site-content-layout":"default","site-content-style":"default","site-sidebar-style":"default","ast-global-header-display":"","ast-banner-title-visibility":"","ast-main-header-display":"","ast-hfb-above-header-display":"","ast-hfb-below-header-display":"","ast-hfb-mobile-header-display":"","site-post-title":"","ast-breadcrumbs-content":"","ast-featured-img":"","footer-sml-layout":"","ast-disable-related-posts":"","theme-transparent-header-meta":"default","adv-header-id-meta":"","stick-header-meta":"","header-above-stick-meta":"","header-main-stick-meta":"","header-below-stick-meta":"","astra-migrate-meta-layouts":"set","ast-page-background-enabled":"default","ast-page-background-meta":{"desktop":{"background-color":"var(--ast-global-color-4)","background-image":"","background-repeat":"repeat","background-position":"center center","background-size":"auto","background-attachment":"scroll","background-type":"","background-media":"","overlay-type":"","overlay-color":"","overlay-opacity":"","overlay-gradient":""},"tablet":{"background-color":"","background-image":"","background-repeat":"repeat","background-position":"center center","background-size":"auto","background-attachment":"scroll","background-type":"","background-media":"","overlay-type":"","overlay-color":"","overlay-opacity":"","overlay-gradient":""},"mobile":{"background-color":"","background-image":"","background-repeat":"repeat","background-position":"center center","background-size":"auto","background-attachment":"scroll","background-type":"","background-media":"","overlay-type":"","overlay-color":"","overlay-opacity":"","overlay-gradient":""}},"ast-content-background-meta":{"desktop":{"background-color":"var(--ast-global-color-5)","background-image":"","background-repeat":"repeat","background-position":"center center","background-size":"auto","background-attachment":"scroll","background-type":"","background-media":"","overlay-type":"","overlay-color":"","overlay-opacity":"","overlay-gradient":""},"tablet":{"background-color":"var(--ast-global-color-5)","background-image":"","background-repeat":"repeat","background-position":"center center","background-size":"auto","background-attachment":"scroll","background-type":"","background-media":"","overlay-type":"","overlay-color":"","overlay-opacity":"","overlay-gradient":""},"mobile":{"background-color":"var(--ast-global-color-5)","background-image":"","background-repeat":"repeat","background-position":"center center","background-size":"auto","background-attachment":"scroll","background-type":"","background-media":"","overlay-type":"","overlay-color":"","overlay-opacity":"","overlay-gradient":""}},"_themeisle_gutenberg_block_has_review":false},"product_brand":[],"product_cat":[154,135],"product_tag":[],"class_list":{"0":"post-3110","1":"product","2":"type-product","3":"status-publish","4":"has-post-thumbnail","6":"product_cat-asturiana","7":"product_cat-lacteos","8":"desktop-align-center","9":"tablet-align-left","10":"mobile-align-left","12":"first","13":"onbackorder","14":"taxable","15":"shipping-taxable","16":"product-type-simple"},"_links":{"self":[{"href":"https:\/\/ribetglobal.com\/index.php\/wp-json\/wp\/v2\/product\/3110","targetHints":{"allow":["GET"]}}],"collection":[{"href":"https:\/\/ribetglobal.com\/index.php\/wp-json\/wp\/v2\/product"}],"about":[{"href":"https:\/\/ribetglobal.com\/index.php\/wp-json\/wp\/v2\/types\/product"}],"version-history":[{"count":3,"href":"https:\/\/ribetglobal.com\/index.php\/wp-json\/wp\/v2\/product\/3110\/revisions"}],"predecessor-version":[{"id":3536,"href":"https:\/\/ribetglobal.com\/index.php\/wp-json\/wp\/v2\/product\/3110\/revisions\/3536"}],"wp:featuredmedia":[{"embeddable":true,"href":"https:\/\/ribetglobal.com\/index.php\/wp-json\/wp\/v2\/media\/3111"}],"wp:attachment":[{"href":"https:\/\/ribetglobal.com\/index.php\/wp-json\/wp\/v2\/media?parent=3110"}],"wp:term":[{"taxonomy":"product_brand","embeddable":true,"href":"https:\/\/ribetglobal.com\/index.php\/wp-json\/wp\/v2\/product_brand?post=3110"},{"taxonomy":"product_cat","embeddable":true,"href":"https:\/\/ribetglobal.com\/index.php\/wp-json\/wp\/v2\/product_cat?post=3110"},{"taxonomy":"product_tag","embeddable":true,"href":"https:\/\/ribetglobal.com\/index.php\/wp-json\/wp\/v2\/product_tag?post=3110"}],"curies":[{"name":"wp","href":"https:\/\/api.w.org\/{rel}","templated":true}]}}