{"id":3092,"date":"2024-12-05T15:53:08","date_gmt":"2024-12-05T14:53:08","guid":{"rendered":"https:\/\/ribetglobal.com\/?post_type=product&#038;p=3092"},"modified":"2024-12-13T11:21:04","modified_gmt":"2024-12-13T10:21:04","slug":"damm-lemon-lata-33cl","status":"publish","type":"product","link":"https:\/\/ribetglobal.com\/index.php\/producto\/damm-lemon-lata-33cl\/","title":{"rendered":"DAMM LEMON LATA 33CL"},"content":{"rendered":"<p><strong>Damm Lemon Lata 33CL<\/strong> es una refrescante bebida con sabor a lim\u00f3n, elaborada por la reconocida marca cervecera Damm. Presentada en una lata de 330 ml, es perfecta para quienes buscan una opci\u00f3n refrescante y deliciosa. Esta bebida destaca por:<\/p>\n<ol>\n<li><strong>Sabor refrescante<\/strong>: Damm Lemon combina el sabor c\u00edtrico del lim\u00f3n con un toque ligero y refrescante, ideal para disfrutar en cualquier momento del d\u00eda, especialmente en d\u00edas calurosos.<\/li>\n<li><strong>Versatilidad<\/strong>: Es una bebida perfecta para acompa\u00f1ar comidas, como aperitivos o platos ligeros, o para disfrutarla sola como una opci\u00f3n refrescante durante el d\u00eda. Adem\u00e1s, puede ser combinada con otros licores en c\u00f3cteles.<\/li>\n<li><strong>Bajo contenido alcoh\u00f3lico<\/strong>: Al ser una bebida de bajo contenido alcoh\u00f3lico, es una opci\u00f3n ideal para aquellos que desean disfrutar de una bebida con sabor, sin un nivel alto de alcohol.<\/li>\n<li><strong>Pr\u00e1ctica presentaci\u00f3n<\/strong>: Su lata de 330 ml es conveniente para llevar a cualquier lugar, ya sea para disfrutar en una reuni\u00f3n social, en un picnic o simplemente en la comodidad de tu hogar.<\/li>\n<li><strong>Marca reconocida<\/strong>: Damm es una marca de confianza en el mercado espa\u00f1ol, conocida por su calidad y sabor en sus productos, como cervezas y bebidas refrescantes.<\/li>\n<\/ol>\n<p><strong>Damm Lemon Lata 33CL<\/strong> es la opci\u00f3n perfecta para quienes buscan una bebida refrescante, con el sabor c\u00edtrico del lim\u00f3n, ideal para disfrutar en cualquier ocasi\u00f3n.<\/p>\n","protected":false},"excerpt":{"rendered":"<p>Pack de 24<\/p>\n","protected":false},"featured_media":3093,"template":"","meta":{"site-sidebar-layout":"default","site-content-layout":"","ast-site-content-layout":"default","site-content-style":"default","site-sidebar-style":"default","ast-global-header-display":"","ast-banner-title-visibility":"","ast-main-header-display":"","ast-hfb-above-header-display":"","ast-hfb-below-header-display":"","ast-hfb-mobile-header-display":"","site-post-title":"","ast-breadcrumbs-content":"","ast-featured-img":"","footer-sml-layout":"","ast-disable-related-posts":"","theme-transparent-header-meta":"default","adv-header-id-meta":"","stick-header-meta":"","header-above-stick-meta":"","header-main-stick-meta":"","header-below-stick-meta":"","astra-migrate-meta-layouts":"set","ast-page-background-enabled":"default","ast-page-background-meta":{"desktop":{"background-color":"var(--ast-global-color-4)","background-image":"","background-repeat":"repeat","background-position":"center center","background-size":"auto","background-attachment":"scroll","background-type":"","background-media":"","overlay-type":"","overlay-color":"","overlay-opacity":"","overlay-gradient":""},"tablet":{"background-color":"","background-image":"","background-repeat":"repeat","background-position":"center center","background-size":"auto","background-attachment":"scroll","background-type":"","background-media":"","overlay-type":"","overlay-color":"","overlay-opacity":"","overlay-gradient":""},"mobile":{"background-color":"","background-image":"","background-repeat":"repeat","background-position":"center center","background-size":"auto","background-attachment":"scroll","background-type":"","background-media":"","overlay-type":"","overlay-color":"","overlay-opacity":"","overlay-gradient":""}},"ast-content-background-meta":{"desktop":{"background-color":"var(--ast-global-color-5)","background-image":"","background-repeat":"repeat","background-position":"center center","background-size":"auto","background-attachment":"scroll","background-type":"","background-media":"","overlay-type":"","overlay-color":"","overlay-opacity":"","overlay-gradient":""},"tablet":{"background-color":"var(--ast-global-color-5)","background-image":"","background-repeat":"repeat","background-position":"center center","background-size":"auto","background-attachment":"scroll","background-type":"","background-media":"","overlay-type":"","overlay-color":"","overlay-opacity":"","overlay-gradient":""},"mobile":{"background-color":"var(--ast-global-color-5)","background-image":"","background-repeat":"repeat","background-position":"center center","background-size":"auto","background-attachment":"scroll","background-type":"","background-media":"","overlay-type":"","overlay-color":"","overlay-opacity":"","overlay-gradient":""}},"_themeisle_gutenberg_block_has_review":false},"product_brand":[],"product_cat":[151,20],"product_tag":[],"class_list":{"0":"post-3092","1":"product","2":"type-product","3":"status-publish","4":"has-post-thumbnail","6":"product_cat-damm-refrescos","7":"product_cat-refrescos","8":"desktop-align-center","9":"tablet-align-left","10":"mobile-align-left","12":"first","13":"onbackorder","14":"taxable","15":"shipping-taxable","16":"product-type-simple"},"_links":{"self":[{"href":"https:\/\/ribetglobal.com\/index.php\/wp-json\/wp\/v2\/product\/3092","targetHints":{"allow":["GET"]}}],"collection":[{"href":"https:\/\/ribetglobal.com\/index.php\/wp-json\/wp\/v2\/product"}],"about":[{"href":"https:\/\/ribetglobal.com\/index.php\/wp-json\/wp\/v2\/types\/product"}],"version-history":[{"count":3,"href":"https:\/\/ribetglobal.com\/index.php\/wp-json\/wp\/v2\/product\/3092\/revisions"}],"predecessor-version":[{"id":3482,"href":"https:\/\/ribetglobal.com\/index.php\/wp-json\/wp\/v2\/product\/3092\/revisions\/3482"}],"wp:featuredmedia":[{"embeddable":true,"href":"https:\/\/ribetglobal.com\/index.php\/wp-json\/wp\/v2\/media\/3093"}],"wp:attachment":[{"href":"https:\/\/ribetglobal.com\/index.php\/wp-json\/wp\/v2\/media?parent=3092"}],"wp:term":[{"taxonomy":"product_brand","embeddable":true,"href":"https:\/\/ribetglobal.com\/index.php\/wp-json\/wp\/v2\/product_brand?post=3092"},{"taxonomy":"product_cat","embeddable":true,"href":"https:\/\/ribetglobal.com\/index.php\/wp-json\/wp\/v2\/product_cat?post=3092"},{"taxonomy":"product_tag","embeddable":true,"href":"https:\/\/ribetglobal.com\/index.php\/wp-json\/wp\/v2\/product_tag?post=3092"}],"curies":[{"name":"wp","href":"https:\/\/api.w.org\/{rel}","templated":true}]}}