{"id":3089,"date":"2024-12-05T15:34:03","date_gmt":"2024-12-05T14:34:03","guid":{"rendered":"https:\/\/ribetglobal.com\/?post_type=product&#038;p=3089"},"modified":"2024-12-16T16:08:49","modified_gmt":"2024-12-16T15:08:49","slug":"ron-negrita-0-70l","status":"publish","type":"product","link":"https:\/\/ribetglobal.com\/index.php\/producto\/ron-negrita-0-70l\/","title":{"rendered":"RON NEGRITA 0.70L"},"content":{"rendered":"<p><strong>Ron Negrita 0.70L<\/strong> es una bebida alcoh\u00f3lica popular que destaca por su sabor suave y su versatilidad en la preparaci\u00f3n de c\u00f3cteles. Presentado en una botella de 700 ml, es ideal para quienes disfrutan de un buen ron a un precio accesible. Este ron se caracteriza por:<\/p>\n<ol>\n<li><strong>Sabor suave y accesible<\/strong>: Ron Negrita tiene un sabor equilibrado, con notas de caramelo y vainilla que lo hacen f\u00e1cil de beber. Su perfil de sabor lo convierte en una excelente base para c\u00f3cteles como el mojito, el cuba libre o el daiquir\u00ed.<\/li>\n<li><strong>Versatilidad<\/strong>: Es una opci\u00f3n popular tanto para consumir solo como para mezclar en c\u00f3cteles. Su suavidad lo hace ideal para quienes est\u00e1n comenzando a disfrutar del ron, as\u00ed como para aquellos que buscan un ron econ\u00f3mico para sus bebidas.<\/li>\n<li><strong>Calidad y tradici\u00f3n<\/strong>: Ron Negrita es conocido por su tradici\u00f3n en la elaboraci\u00f3n de rones de buena calidad a un precio asequible, siendo una marca reconocida en el mercado.<\/li>\n<li><strong>Presentaci\u00f3n pr\u00e1ctica<\/strong>: Su botella de 700 ml es conveniente para reuniones sociales, fiestas o para disfrutarlo en casa. Su tama\u00f1o tambi\u00e9n lo convierte en una opci\u00f3n ideal para quienes consumen ron regularmente.<\/li>\n<li><strong>Perfecto para ocasiones especiales<\/strong>: Ya sea para compartir con amigos o para disfrutar de una bebida en solitario, Ron Negrita es una opci\u00f3n econ\u00f3mica y deliciosa que se adapta a todo tipo de ocasiones.<\/li>\n<\/ol>\n<p><strong>Ron Negrita 0.70L<\/strong> es un ron de calidad, con un sabor suave y vers\u00e1til, perfecto para crear c\u00f3cteles refrescantes o disfrutar solo.<\/p>\n","protected":false},"excerpt":{"rendered":"<p>Pack de 6<\/p>\n","protected":false},"featured_media":3090,"template":"","meta":{"site-sidebar-layout":"default","site-content-layout":"","ast-site-content-layout":"default","site-content-style":"default","site-sidebar-style":"default","ast-global-header-display":"","ast-banner-title-visibility":"","ast-main-header-display":"","ast-hfb-above-header-display":"","ast-hfb-below-header-display":"","ast-hfb-mobile-header-display":"","site-post-title":"","ast-breadcrumbs-content":"","ast-featured-img":"","footer-sml-layout":"","ast-disable-related-posts":"","theme-transparent-header-meta":"default","adv-header-id-meta":"","stick-header-meta":"","header-above-stick-meta":"","header-main-stick-meta":"","header-below-stick-meta":"","astra-migrate-meta-layouts":"set","ast-page-background-enabled":"default","ast-page-background-meta":{"desktop":{"background-color":"var(--ast-global-color-4)","background-image":"","background-repeat":"repeat","background-position":"center center","background-size":"auto","background-attachment":"scroll","background-type":"","background-media":"","overlay-type":"","overlay-color":"","overlay-opacity":"","overlay-gradient":""},"tablet":{"background-color":"","background-image":"","background-repeat":"repeat","background-position":"center center","background-size":"auto","background-attachment":"scroll","background-type":"","background-media":"","overlay-type":"","overlay-color":"","overlay-opacity":"","overlay-gradient":""},"mobile":{"background-color":"","background-image":"","background-repeat":"repeat","background-position":"center center","background-size":"auto","background-attachment":"scroll","background-type":"","background-media":"","overlay-type":"","overlay-color":"","overlay-opacity":"","overlay-gradient":""}},"ast-content-background-meta":{"desktop":{"background-color":"var(--ast-global-color-5)","background-image":"","background-repeat":"repeat","background-position":"center center","background-size":"auto","background-attachment":"scroll","background-type":"","background-media":"","overlay-type":"","overlay-color":"","overlay-opacity":"","overlay-gradient":""},"tablet":{"background-color":"var(--ast-global-color-5)","background-image":"","background-repeat":"repeat","background-position":"center center","background-size":"auto","background-attachment":"scroll","background-type":"","background-media":"","overlay-type":"","overlay-color":"","overlay-opacity":"","overlay-gradient":""},"mobile":{"background-color":"var(--ast-global-color-5)","background-image":"","background-repeat":"repeat","background-position":"center center","background-size":"auto","background-attachment":"scroll","background-type":"","background-media":"","overlay-type":"","overlay-color":"","overlay-opacity":"","overlay-gradient":""}},"_themeisle_gutenberg_block_has_review":false},"product_brand":[],"product_cat":[29,88],"product_tag":[],"class_list":{"0":"post-3089","1":"product","2":"type-product","3":"status-publish","4":"has-post-thumbnail","6":"product_cat-licores","7":"product_cat-ron","8":"desktop-align-center","9":"tablet-align-left","10":"mobile-align-left","12":"first","13":"onbackorder","14":"taxable","15":"shipping-taxable","16":"product-type-simple"},"_links":{"self":[{"href":"https:\/\/ribetglobal.com\/index.php\/wp-json\/wp\/v2\/product\/3089","targetHints":{"allow":["GET"]}}],"collection":[{"href":"https:\/\/ribetglobal.com\/index.php\/wp-json\/wp\/v2\/product"}],"about":[{"href":"https:\/\/ribetglobal.com\/index.php\/wp-json\/wp\/v2\/types\/product"}],"version-history":[{"count":3,"href":"https:\/\/ribetglobal.com\/index.php\/wp-json\/wp\/v2\/product\/3089\/revisions"}],"predecessor-version":[{"id":3535,"href":"https:\/\/ribetglobal.com\/index.php\/wp-json\/wp\/v2\/product\/3089\/revisions\/3535"}],"wp:featuredmedia":[{"embeddable":true,"href":"https:\/\/ribetglobal.com\/index.php\/wp-json\/wp\/v2\/media\/3090"}],"wp:attachment":[{"href":"https:\/\/ribetglobal.com\/index.php\/wp-json\/wp\/v2\/media?parent=3089"}],"wp:term":[{"taxonomy":"product_brand","embeddable":true,"href":"https:\/\/ribetglobal.com\/index.php\/wp-json\/wp\/v2\/product_brand?post=3089"},{"taxonomy":"product_cat","embeddable":true,"href":"https:\/\/ribetglobal.com\/index.php\/wp-json\/wp\/v2\/product_cat?post=3089"},{"taxonomy":"product_tag","embeddable":true,"href":"https:\/\/ribetglobal.com\/index.php\/wp-json\/wp\/v2\/product_tag?post=3089"}],"curies":[{"name":"wp","href":"https:\/\/api.w.org\/{rel}","templated":true}]}}