{"id":3083,"date":"2024-12-05T15:09:14","date_gmt":"2024-12-05T14:09:14","guid":{"rendered":"https:\/\/ribetglobal.com\/?post_type=product&#038;p=3083"},"modified":"2024-12-13T11:18:52","modified_gmt":"2024-12-13T10:18:52","slug":"vichy-catalan-05l-sr-cristal","status":"publish","type":"product","link":"https:\/\/ribetglobal.com\/index.php\/producto\/vichy-catalan-05l-sr-cristal\/","title":{"rendered":"VICHY CATALAN 0.5L S\/R CRISTAL"},"content":{"rendered":"<p><strong>Vichy Catalan 0.5L S\/R Cristal<\/strong> es una bebida mineral de renombre, presentada en una elegante botella de cristal de 0.5 litros, ideal para aquellos que buscan disfrutar de un agua de calidad. Esta agua se distingue por:<\/p>\n<ol>\n<li><strong>Sabor \u00fanico y mineral<\/strong>: Vichy Catalan es conocida por su sabor mineral caracter\u00edstico, que proviene de su fuente natural en la regi\u00f3n de Caldes de Malavella, en Espa\u00f1a. Su sabor ligeramente salino y burbujeante la convierte en una bebida refrescante y perfecta para acompa\u00f1ar las comidas o disfrutar por s\u00ed sola.<\/li>\n<li><strong>Agua con gas<\/strong>: Vichy Catalan tiene una carbonataci\u00f3n natural, lo que le proporciona un burbujeo suave pero persistente, a\u00f1adiendo una sensaci\u00f3n de frescura y ligereza al paladar.<\/li>\n<li><strong>Beneficios para la salud<\/strong>: Esta agua mineral es rica en minerales esenciales como el magnesio y el calcio, lo que la convierte en una opci\u00f3n saludable para la hidrataci\u00f3n diaria. Adem\u00e1s, es conocida por sus propiedades digestivas y alcalinas.<\/li>\n<li><strong>Calidad premium<\/strong>: Vichy Catalan tiene una tradici\u00f3n de m\u00e1s de 130 a\u00f1os, siendo considerada una de las marcas m\u00e1s prestigiosas de agua mineral en Espa\u00f1a. Su proceso de embotellado en cristal asegura que el agua conserve todas sus propiedades originales intactas.<\/li>\n<li><strong>Elegante presentaci\u00f3n en cristal<\/strong>: Su botella de cristal de 0.5 litros no solo conserva el sabor y frescura del agua, sino que tambi\u00e9n ofrece una presentaci\u00f3n sofisticada y ecol\u00f3gica, ideal para una experiencia premium.<\/li>\n<\/ol>\n","protected":false},"excerpt":{"rendered":"<p>Pack de 20<\/p>\n","protected":false},"featured_media":3084,"template":"","meta":{"site-sidebar-layout":"default","site-content-layout":"","ast-site-content-layout":"default","site-content-style":"default","site-sidebar-style":"default","ast-global-header-display":"","ast-banner-title-visibility":"","ast-main-header-display":"","ast-hfb-above-header-display":"","ast-hfb-below-header-display":"","ast-hfb-mobile-header-display":"","site-post-title":"","ast-breadcrumbs-content":"","ast-featured-img":"","footer-sml-layout":"","ast-disable-related-posts":"","theme-transparent-header-meta":"default","adv-header-id-meta":"","stick-header-meta":"","header-above-stick-meta":"","header-main-stick-meta":"","header-below-stick-meta":"","astra-migrate-meta-layouts":"set","ast-page-background-enabled":"default","ast-page-background-meta":{"desktop":{"background-color":"var(--ast-global-color-4)","background-image":"","background-repeat":"repeat","background-position":"center center","background-size":"auto","background-attachment":"scroll","background-type":"","background-media":"","overlay-type":"","overlay-color":"","overlay-opacity":"","overlay-gradient":""},"tablet":{"background-color":"","background-image":"","background-repeat":"repeat","background-position":"center center","background-size":"auto","background-attachment":"scroll","background-type":"","background-media":"","overlay-type":"","overlay-color":"","overlay-opacity":"","overlay-gradient":""},"mobile":{"background-color":"","background-image":"","background-repeat":"repeat","background-position":"center center","background-size":"auto","background-attachment":"scroll","background-type":"","background-media":"","overlay-type":"","overlay-color":"","overlay-opacity":"","overlay-gradient":""}},"ast-content-background-meta":{"desktop":{"background-color":"var(--ast-global-color-5)","background-image":"","background-repeat":"repeat","background-position":"center center","background-size":"auto","background-attachment":"scroll","background-type":"","background-media":"","overlay-type":"","overlay-color":"","overlay-opacity":"","overlay-gradient":""},"tablet":{"background-color":"var(--ast-global-color-5)","background-image":"","background-repeat":"repeat","background-position":"center center","background-size":"auto","background-attachment":"scroll","background-type":"","background-media":"","overlay-type":"","overlay-color":"","overlay-opacity":"","overlay-gradient":""},"mobile":{"background-color":"var(--ast-global-color-5)","background-image":"","background-repeat":"repeat","background-position":"center center","background-size":"auto","background-attachment":"scroll","background-type":"","background-media":"","overlay-type":"","overlay-color":"","overlay-opacity":"","overlay-gradient":""}},"_themeisle_gutenberg_block_has_review":false},"product_brand":[],"product_cat":[30,79],"product_tag":[],"class_list":{"0":"post-3083","1":"product","2":"type-product","3":"status-publish","4":"has-post-thumbnail","6":"product_cat-aguas","7":"product_cat-vichy-catalan","8":"desktop-align-center","9":"tablet-align-left","10":"mobile-align-left","12":"first","13":"instock","14":"taxable","15":"shipping-taxable","16":"product-type-simple"},"_links":{"self":[{"href":"https:\/\/ribetglobal.com\/index.php\/wp-json\/wp\/v2\/product\/3083","targetHints":{"allow":["GET"]}}],"collection":[{"href":"https:\/\/ribetglobal.com\/index.php\/wp-json\/wp\/v2\/product"}],"about":[{"href":"https:\/\/ribetglobal.com\/index.php\/wp-json\/wp\/v2\/types\/product"}],"version-history":[{"count":3,"href":"https:\/\/ribetglobal.com\/index.php\/wp-json\/wp\/v2\/product\/3083\/revisions"}],"predecessor-version":[{"id":3480,"href":"https:\/\/ribetglobal.com\/index.php\/wp-json\/wp\/v2\/product\/3083\/revisions\/3480"}],"wp:featuredmedia":[{"embeddable":true,"href":"https:\/\/ribetglobal.com\/index.php\/wp-json\/wp\/v2\/media\/3084"}],"wp:attachment":[{"href":"https:\/\/ribetglobal.com\/index.php\/wp-json\/wp\/v2\/media?parent=3083"}],"wp:term":[{"taxonomy":"product_brand","embeddable":true,"href":"https:\/\/ribetglobal.com\/index.php\/wp-json\/wp\/v2\/product_brand?post=3083"},{"taxonomy":"product_cat","embeddable":true,"href":"https:\/\/ribetglobal.com\/index.php\/wp-json\/wp\/v2\/product_cat?post=3083"},{"taxonomy":"product_tag","embeddable":true,"href":"https:\/\/ribetglobal.com\/index.php\/wp-json\/wp\/v2\/product_tag?post=3083"}],"curies":[{"name":"wp","href":"https:\/\/api.w.org\/{rel}","templated":true}]}}