{"id":3013,"date":"2024-12-04T15:53:25","date_gmt":"2024-12-04T14:53:25","guid":{"rendered":"https:\/\/ribetglobal.com\/?post_type=product&#038;p=3013"},"modified":"2024-12-13T11:04:06","modified_gmt":"2024-12-13T10:04:06","slug":"tonica-schweppes-bandeja-020l","status":"publish","type":"product","link":"https:\/\/ribetglobal.com\/index.php\/producto\/tonica-schweppes-bandeja-020l\/","title":{"rendered":"TONICA SCHWEPPES BANDEJA 0,20L"},"content":{"rendered":"<p><strong>T\u00f3nica Schweppes Bandeja 0,20L<\/strong> es una bebida refrescante y elegante, reconocida por su sabor distintivo y sus burbujas finas y persistentes. Con su caracter\u00edstico toque amargo proporcionado por la quinina, esta t\u00f3nica es perfecta para realzar el sabor de c\u00f3cteles como el gin tonic o para disfrutar sola como una bebida refrescante.<\/p>\n<p>Presentada en un formato de 0,20 litros, <strong>T\u00f3nica Schweppes Bandeja 0,20L<\/strong> es ideal para quienes buscan una opci\u00f3n pr\u00e1ctica y de tama\u00f1o individual, ideal para eventos o reuniones. Este formato bandeja es f\u00e1cil de almacenar y ofrece una presentaci\u00f3n refinada, perfecta para cualquier ocasi\u00f3n.<\/p>\n<p>La calidad de <strong>T\u00f3nica Schweppes Bandeja 0,20L<\/strong> la convierte en la opci\u00f3n preferida para aquellos que desean una bebida premium y vers\u00e1til, que se adapta a cualquier momento del d\u00eda y a cualquier tipo de consumo, ya sea en c\u00f3cteles o por s\u00ed sola.<\/p>\n","protected":false},"excerpt":{"rendered":"<p>Pack de 24<\/p>\n","protected":false},"featured_media":3014,"template":"","meta":{"site-sidebar-layout":"default","site-content-layout":"","ast-site-content-layout":"default","site-content-style":"default","site-sidebar-style":"default","ast-global-header-display":"","ast-banner-title-visibility":"","ast-main-header-display":"","ast-hfb-above-header-display":"","ast-hfb-below-header-display":"","ast-hfb-mobile-header-display":"","site-post-title":"","ast-breadcrumbs-content":"","ast-featured-img":"","footer-sml-layout":"","ast-disable-related-posts":"","theme-transparent-header-meta":"default","adv-header-id-meta":"","stick-header-meta":"","header-above-stick-meta":"","header-main-stick-meta":"","header-below-stick-meta":"","astra-migrate-meta-layouts":"set","ast-page-background-enabled":"default","ast-page-background-meta":{"desktop":{"background-color":"var(--ast-global-color-4)","background-image":"","background-repeat":"repeat","background-position":"center center","background-size":"auto","background-attachment":"scroll","background-type":"","background-media":"","overlay-type":"","overlay-color":"","overlay-opacity":"","overlay-gradient":""},"tablet":{"background-color":"","background-image":"","background-repeat":"repeat","background-position":"center center","background-size":"auto","background-attachment":"scroll","background-type":"","background-media":"","overlay-type":"","overlay-color":"","overlay-opacity":"","overlay-gradient":""},"mobile":{"background-color":"","background-image":"","background-repeat":"repeat","background-position":"center center","background-size":"auto","background-attachment":"scroll","background-type":"","background-media":"","overlay-type":"","overlay-color":"","overlay-opacity":"","overlay-gradient":""}},"ast-content-background-meta":{"desktop":{"background-color":"var(--ast-global-color-5)","background-image":"","background-repeat":"repeat","background-position":"center center","background-size":"auto","background-attachment":"scroll","background-type":"","background-media":"","overlay-type":"","overlay-color":"","overlay-opacity":"","overlay-gradient":""},"tablet":{"background-color":"var(--ast-global-color-5)","background-image":"","background-repeat":"repeat","background-position":"center center","background-size":"auto","background-attachment":"scroll","background-type":"","background-media":"","overlay-type":"","overlay-color":"","overlay-opacity":"","overlay-gradient":""},"mobile":{"background-color":"var(--ast-global-color-5)","background-image":"","background-repeat":"repeat","background-position":"center center","background-size":"auto","background-attachment":"scroll","background-type":"","background-media":"","overlay-type":"","overlay-color":"","overlay-opacity":"","overlay-gradient":""}},"_themeisle_gutenberg_block_has_review":false},"product_brand":[],"product_cat":[20,41],"product_tag":[],"class_list":{"0":"post-3013","1":"product","2":"type-product","3":"status-publish","4":"has-post-thumbnail","6":"product_cat-refrescos","7":"product_cat-schweppes","8":"desktop-align-center","9":"tablet-align-left","10":"mobile-align-left","12":"first","13":"instock","14":"taxable","15":"shipping-taxable","16":"product-type-simple"},"_links":{"self":[{"href":"https:\/\/ribetglobal.com\/index.php\/wp-json\/wp\/v2\/product\/3013","targetHints":{"allow":["GET"]}}],"collection":[{"href":"https:\/\/ribetglobal.com\/index.php\/wp-json\/wp\/v2\/product"}],"about":[{"href":"https:\/\/ribetglobal.com\/index.php\/wp-json\/wp\/v2\/types\/product"}],"version-history":[{"count":4,"href":"https:\/\/ribetglobal.com\/index.php\/wp-json\/wp\/v2\/product\/3013\/revisions"}],"predecessor-version":[{"id":3470,"href":"https:\/\/ribetglobal.com\/index.php\/wp-json\/wp\/v2\/product\/3013\/revisions\/3470"}],"wp:featuredmedia":[{"embeddable":true,"href":"https:\/\/ribetglobal.com\/index.php\/wp-json\/wp\/v2\/media\/3014"}],"wp:attachment":[{"href":"https:\/\/ribetglobal.com\/index.php\/wp-json\/wp\/v2\/media?parent=3013"}],"wp:term":[{"taxonomy":"product_brand","embeddable":true,"href":"https:\/\/ribetglobal.com\/index.php\/wp-json\/wp\/v2\/product_brand?post=3013"},{"taxonomy":"product_cat","embeddable":true,"href":"https:\/\/ribetglobal.com\/index.php\/wp-json\/wp\/v2\/product_cat?post=3013"},{"taxonomy":"product_tag","embeddable":true,"href":"https:\/\/ribetglobal.com\/index.php\/wp-json\/wp\/v2\/product_tag?post=3013"}],"curies":[{"name":"wp","href":"https:\/\/api.w.org\/{rel}","templated":true}]}}