{"id":2993,"date":"2024-12-04T14:12:46","date_gmt":"2024-12-04T13:12:46","guid":{"rendered":"https:\/\/ribetglobal.com\/?post_type=product&#038;p=2993"},"modified":"2024-12-16T15:50:31","modified_gmt":"2024-12-16T14:50:31","slug":"leche-llet-nostra-desnatada-1l","status":"publish","type":"product","link":"https:\/\/ribetglobal.com\/index.php\/producto\/leche-llet-nostra-desnatada-1l\/","title":{"rendered":"LECHE LLET NOSTRA DESNATADA 1L"},"content":{"rendered":"<p><strong>Leche Llet Nostra Desnatada 1L<\/strong> es una leche de alta calidad, ideal para quienes buscan una opci\u00f3n ligera y saludable sin renunciar al sabor. Presentada en una botella de 1 litro, esta leche desnatada es perfecta para mantener una dieta equilibrada, ofreciendo todos los beneficios nutricionales de la leche sin el contenido graso de las variedades enteras.<\/p>\n<p>Es una excelente fuente de calcio, prote\u00ednas y vitaminas esenciales, y su bajo contenido en grasa la convierte en una opci\u00f3n ideal para quienes desean cuidar su salud sin renunciar a disfrutar de una bebida nutritiva. Adem\u00e1s, es perfecta para usar en diversas recetas, desde batidos y caf\u00e9s hasta postres y comidas.<\/p>\n<p>Esta leche es popular en Espa\u00f1a y est\u00e1 disponible en la mayor\u00eda de supermercados. <strong>Leche Llet Nostra Desnatada 1L<\/strong> es ideal para toda la familia, ofreciendo una opci\u00f3n ligera y saludable para disfrutar en cualquier momento del d\u00eda, ya sea en el desayuno, en el almuerzo o como parte de una merienda equilibrada.<\/p>\n","protected":false},"excerpt":{"rendered":"<p>Pack de 6<\/p>\n","protected":false},"featured_media":2994,"template":"","meta":{"site-sidebar-layout":"default","site-content-layout":"","ast-site-content-layout":"default","site-content-style":"default","site-sidebar-style":"default","ast-global-header-display":"","ast-banner-title-visibility":"","ast-main-header-display":"","ast-hfb-above-header-display":"","ast-hfb-below-header-display":"","ast-hfb-mobile-header-display":"","site-post-title":"","ast-breadcrumbs-content":"","ast-featured-img":"","footer-sml-layout":"","ast-disable-related-posts":"","theme-transparent-header-meta":"default","adv-header-id-meta":"","stick-header-meta":"","header-above-stick-meta":"","header-main-stick-meta":"","header-below-stick-meta":"","astra-migrate-meta-layouts":"set","ast-page-background-enabled":"default","ast-page-background-meta":{"desktop":{"background-color":"var(--ast-global-color-4)","background-image":"","background-repeat":"repeat","background-position":"center center","background-size":"auto","background-attachment":"scroll","background-type":"","background-media":"","overlay-type":"","overlay-color":"","overlay-opacity":"","overlay-gradient":""},"tablet":{"background-color":"","background-image":"","background-repeat":"repeat","background-position":"center center","background-size":"auto","background-attachment":"scroll","background-type":"","background-media":"","overlay-type":"","overlay-color":"","overlay-opacity":"","overlay-gradient":""},"mobile":{"background-color":"","background-image":"","background-repeat":"repeat","background-position":"center center","background-size":"auto","background-attachment":"scroll","background-type":"","background-media":"","overlay-type":"","overlay-color":"","overlay-opacity":"","overlay-gradient":""}},"ast-content-background-meta":{"desktop":{"background-color":"var(--ast-global-color-5)","background-image":"","background-repeat":"repeat","background-position":"center center","background-size":"auto","background-attachment":"scroll","background-type":"","background-media":"","overlay-type":"","overlay-color":"","overlay-opacity":"","overlay-gradient":""},"tablet":{"background-color":"var(--ast-global-color-5)","background-image":"","background-repeat":"repeat","background-position":"center center","background-size":"auto","background-attachment":"scroll","background-type":"","background-media":"","overlay-type":"","overlay-color":"","overlay-opacity":"","overlay-gradient":""},"mobile":{"background-color":"var(--ast-global-color-5)","background-image":"","background-repeat":"repeat","background-position":"center center","background-size":"auto","background-attachment":"scroll","background-type":"","background-media":"","overlay-type":"","overlay-color":"","overlay-opacity":"","overlay-gradient":""}},"_themeisle_gutenberg_block_has_review":false},"product_brand":[],"product_cat":[135,137],"product_tag":[],"class_list":{"0":"post-2993","1":"product","2":"type-product","3":"status-publish","4":"has-post-thumbnail","6":"product_cat-lacteos","7":"product_cat-leche-llet-nostra","8":"desktop-align-center","9":"tablet-align-left","10":"mobile-align-left","12":"first","13":"instock","14":"taxable","15":"shipping-taxable","16":"product-type-simple"},"_links":{"self":[{"href":"https:\/\/ribetglobal.com\/index.php\/wp-json\/wp\/v2\/product\/2993","targetHints":{"allow":["GET"]}}],"collection":[{"href":"https:\/\/ribetglobal.com\/index.php\/wp-json\/wp\/v2\/product"}],"about":[{"href":"https:\/\/ribetglobal.com\/index.php\/wp-json\/wp\/v2\/types\/product"}],"version-history":[{"count":3,"href":"https:\/\/ribetglobal.com\/index.php\/wp-json\/wp\/v2\/product\/2993\/revisions"}],"predecessor-version":[{"id":3530,"href":"https:\/\/ribetglobal.com\/index.php\/wp-json\/wp\/v2\/product\/2993\/revisions\/3530"}],"wp:featuredmedia":[{"embeddable":true,"href":"https:\/\/ribetglobal.com\/index.php\/wp-json\/wp\/v2\/media\/2994"}],"wp:attachment":[{"href":"https:\/\/ribetglobal.com\/index.php\/wp-json\/wp\/v2\/media?parent=2993"}],"wp:term":[{"taxonomy":"product_brand","embeddable":true,"href":"https:\/\/ribetglobal.com\/index.php\/wp-json\/wp\/v2\/product_brand?post=2993"},{"taxonomy":"product_cat","embeddable":true,"href":"https:\/\/ribetglobal.com\/index.php\/wp-json\/wp\/v2\/product_cat?post=2993"},{"taxonomy":"product_tag","embeddable":true,"href":"https:\/\/ribetglobal.com\/index.php\/wp-json\/wp\/v2\/product_tag?post=2993"}],"curies":[{"name":"wp","href":"https:\/\/api.w.org\/{rel}","templated":true}]}}