{"id":2990,"date":"2024-11-15T16:26:38","date_gmt":"2024-11-15T15:26:38","guid":{"rendered":"https:\/\/ribetglobal.com\/?post_type=product&#038;p=2990"},"modified":"2024-12-13T10:57:26","modified_gmt":"2024-12-13T09:57:26","slug":"nescafe-desc-100g","status":"publish","type":"product","link":"https:\/\/ribetglobal.com\/index.php\/producto\/nescafe-desc-100g\/","title":{"rendered":"NESCAFE DESC.100G"},"content":{"rendered":"<p><strong>Nescaf\u00e9 Descafeinado 100G<\/strong> es la opci\u00f3n ideal para quienes disfrutan del sabor suave y delicioso del caf\u00e9 sin los efectos estimulantes de la cafe\u00edna. Presentado en un formato de 100 gramos, este caf\u00e9 instant\u00e1neo ofrece una experiencia rica y equilibrada, perfecta para aquellos que buscan disfrutar de una taza de caf\u00e9 en cualquier momento del d\u00eda, incluso por la noche.<\/p>\n<p>Elaborado con granos seleccionados de alta calidad y sometido a un proceso de descafeinado que mantiene el sabor y aroma caracter\u00edsticos del caf\u00e9 tradicional. Es ideal para quienes desean reducir su consumo de cafe\u00edna sin renunciar al gusto y la satisfacci\u00f3n de un buen caf\u00e9.<\/p>\n<p>Este caf\u00e9 instant\u00e1neo es f\u00e1cil de preparar, solo se necesita a\u00f1adir agua caliente o leche, y es perfecto tanto para disfrutar solo como acompa\u00f1ado de un delicioso desayuno o merienda. Este es\u00a0una opci\u00f3n popular y conveniente, ampliamente disponible en supermercados, que permite disfrutar de una bebida suave y reconfortante en todo momento.<\/p>\n<p>Con su pr\u00e1ctico formato de 100 gramos, <strong>Nescaf\u00e9 Descafeinado 100G<\/strong> es ideal para el hogar o la oficina, proporcionando una soluci\u00f3n r\u00e1pida y sabrosa para quienes buscan un caf\u00e9 suave y sin cafe\u00edna.<\/p>\n","protected":false},"excerpt":{"rendered":"<p>Pack de 12<\/p>\n","protected":false},"featured_media":2991,"template":"","meta":{"site-sidebar-layout":"default","site-content-layout":"","ast-site-content-layout":"default","site-content-style":"default","site-sidebar-style":"default","ast-global-header-display":"","ast-banner-title-visibility":"","ast-main-header-display":"","ast-hfb-above-header-display":"","ast-hfb-below-header-display":"","ast-hfb-mobile-header-display":"","site-post-title":"","ast-breadcrumbs-content":"","ast-featured-img":"","footer-sml-layout":"","ast-disable-related-posts":"","theme-transparent-header-meta":"default","adv-header-id-meta":"","stick-header-meta":"","header-above-stick-meta":"","header-main-stick-meta":"","header-below-stick-meta":"","astra-migrate-meta-layouts":"set","ast-page-background-enabled":"default","ast-page-background-meta":{"desktop":{"background-color":"var(--ast-global-color-4)","background-image":"","background-repeat":"repeat","background-position":"center center","background-size":"auto","background-attachment":"scroll","background-type":"","background-media":"","overlay-type":"","overlay-color":"","overlay-opacity":"","overlay-gradient":""},"tablet":{"background-color":"","background-image":"","background-repeat":"repeat","background-position":"center center","background-size":"auto","background-attachment":"scroll","background-type":"","background-media":"","overlay-type":"","overlay-color":"","overlay-opacity":"","overlay-gradient":""},"mobile":{"background-color":"","background-image":"","background-repeat":"repeat","background-position":"center center","background-size":"auto","background-attachment":"scroll","background-type":"","background-media":"","overlay-type":"","overlay-color":"","overlay-opacity":"","overlay-gradient":""}},"ast-content-background-meta":{"desktop":{"background-color":"var(--ast-global-color-5)","background-image":"","background-repeat":"repeat","background-position":"center center","background-size":"auto","background-attachment":"scroll","background-type":"","background-media":"","overlay-type":"","overlay-color":"","overlay-opacity":"","overlay-gradient":""},"tablet":{"background-color":"var(--ast-global-color-5)","background-image":"","background-repeat":"repeat","background-position":"center center","background-size":"auto","background-attachment":"scroll","background-type":"","background-media":"","overlay-type":"","overlay-color":"","overlay-opacity":"","overlay-gradient":""},"mobile":{"background-color":"var(--ast-global-color-5)","background-image":"","background-repeat":"repeat","background-position":"center center","background-size":"auto","background-attachment":"scroll","background-type":"","background-media":"","overlay-type":"","overlay-color":"","overlay-opacity":"","overlay-gradient":""}},"_themeisle_gutenberg_block_has_review":false},"product_brand":[],"product_cat":[31,146],"product_tag":[],"class_list":{"0":"post-2990","1":"product","2":"type-product","3":"status-publish","4":"has-post-thumbnail","6":"product_cat-alimentacion","7":"product_cat-nescafe-descaf","8":"desktop-align-center","9":"tablet-align-left","10":"mobile-align-left","12":"first","13":"instock","14":"taxable","15":"shipping-taxable","16":"product-type-simple"},"_links":{"self":[{"href":"https:\/\/ribetglobal.com\/index.php\/wp-json\/wp\/v2\/product\/2990","targetHints":{"allow":["GET"]}}],"collection":[{"href":"https:\/\/ribetglobal.com\/index.php\/wp-json\/wp\/v2\/product"}],"about":[{"href":"https:\/\/ribetglobal.com\/index.php\/wp-json\/wp\/v2\/types\/product"}],"version-history":[{"count":4,"href":"https:\/\/ribetglobal.com\/index.php\/wp-json\/wp\/v2\/product\/2990\/revisions"}],"predecessor-version":[{"id":3465,"href":"https:\/\/ribetglobal.com\/index.php\/wp-json\/wp\/v2\/product\/2990\/revisions\/3465"}],"wp:featuredmedia":[{"embeddable":true,"href":"https:\/\/ribetglobal.com\/index.php\/wp-json\/wp\/v2\/media\/2991"}],"wp:attachment":[{"href":"https:\/\/ribetglobal.com\/index.php\/wp-json\/wp\/v2\/media?parent=2990"}],"wp:term":[{"taxonomy":"product_brand","embeddable":true,"href":"https:\/\/ribetglobal.com\/index.php\/wp-json\/wp\/v2\/product_brand?post=2990"},{"taxonomy":"product_cat","embeddable":true,"href":"https:\/\/ribetglobal.com\/index.php\/wp-json\/wp\/v2\/product_cat?post=2990"},{"taxonomy":"product_tag","embeddable":true,"href":"https:\/\/ribetglobal.com\/index.php\/wp-json\/wp\/v2\/product_tag?post=2990"}],"curies":[{"name":"wp","href":"https:\/\/api.w.org\/{rel}","templated":true}]}}