{"id":2966,"date":"2024-11-15T15:42:28","date_gmt":"2024-11-15T14:42:28","guid":{"rendered":"https:\/\/ribetglobal.com\/?post_type=product&#038;p=2966"},"modified":"2024-12-13T10:52:09","modified_gmt":"2024-12-13T09:52:09","slug":"agua-fonter-c-gas-pet-1l","status":"publish","type":"product","link":"https:\/\/ribetglobal.com\/index.php\/producto\/agua-fonter-c-gas-pet-1l\/","title":{"rendered":"AGUA FONTER C\/GAS PET 1L"},"content":{"rendered":"<p><strong>Agua Fontener C\/Gas PET 1L<\/strong> es una refrescante agua con gas, ideal para quienes buscan una opci\u00f3n ligera y burbujeante para acompa\u00f1ar sus comidas o disfrutar a lo largo del d\u00eda. Con su sabor limpio y fresco, esta agua es perfecta para quienes prefieren una bebida con un toque de efervescencia que revitaliza y refresca al instante.<\/p>\n<p>El envase PET de 1 litro es c\u00f3modo y pr\u00e1ctico, lo que hace que el agua sea f\u00e1cil de llevar y almacenar. Es la opci\u00f3n perfecta para tener siempre a mano en el hogar, en el trabajo o para llevar en excursiones o actividades al aire libre.<\/p>\n<p><strong>Agua Fontener C\/Gas PET 1L<\/strong> es muy popular en Espa\u00f1a y se encuentra en la mayor\u00eda de supermercados y tiendas de conveniencia. Es una opci\u00f3n ideal para quienes desean mantenerse hidratados con una bebida sin calor\u00edas, az\u00facar ni aditivos, solo agua natural con gas.<\/p>\n<p>Adem\u00e1s, <strong>Agua Fontener C\/Gas PET 1L<\/strong> es perfecta para quienes buscan una alternativa refrescante a los refrescos azucarados. Su sabor suave y las burbujas que aporta la hacen ideal para disfrutar en cualquier momento del d\u00eda.<\/p>\n","protected":false},"excerpt":{"rendered":"<p>Pack de 6<\/p>\n","protected":false},"featured_media":2967,"template":"","meta":{"site-sidebar-layout":"default","site-content-layout":"","ast-site-content-layout":"default","site-content-style":"default","site-sidebar-style":"default","ast-global-header-display":"","ast-banner-title-visibility":"","ast-main-header-display":"","ast-hfb-above-header-display":"","ast-hfb-below-header-display":"","ast-hfb-mobile-header-display":"","site-post-title":"","ast-breadcrumbs-content":"","ast-featured-img":"","footer-sml-layout":"","ast-disable-related-posts":"","theme-transparent-header-meta":"default","adv-header-id-meta":"","stick-header-meta":"","header-above-stick-meta":"","header-main-stick-meta":"","header-below-stick-meta":"","astra-migrate-meta-layouts":"set","ast-page-background-enabled":"default","ast-page-background-meta":{"desktop":{"background-color":"var(--ast-global-color-4)","background-image":"","background-repeat":"repeat","background-position":"center center","background-size":"auto","background-attachment":"scroll","background-type":"","background-media":"","overlay-type":"","overlay-color":"","overlay-opacity":"","overlay-gradient":""},"tablet":{"background-color":"","background-image":"","background-repeat":"repeat","background-position":"center center","background-size":"auto","background-attachment":"scroll","background-type":"","background-media":"","overlay-type":"","overlay-color":"","overlay-opacity":"","overlay-gradient":""},"mobile":{"background-color":"","background-image":"","background-repeat":"repeat","background-position":"center center","background-size":"auto","background-attachment":"scroll","background-type":"","background-media":"","overlay-type":"","overlay-color":"","overlay-opacity":"","overlay-gradient":""}},"ast-content-background-meta":{"desktop":{"background-color":"var(--ast-global-color-5)","background-image":"","background-repeat":"repeat","background-position":"center center","background-size":"auto","background-attachment":"scroll","background-type":"","background-media":"","overlay-type":"","overlay-color":"","overlay-opacity":"","overlay-gradient":""},"tablet":{"background-color":"var(--ast-global-color-5)","background-image":"","background-repeat":"repeat","background-position":"center center","background-size":"auto","background-attachment":"scroll","background-type":"","background-media":"","overlay-type":"","overlay-color":"","overlay-opacity":"","overlay-gradient":""},"mobile":{"background-color":"var(--ast-global-color-5)","background-image":"","background-repeat":"repeat","background-position":"center center","background-size":"auto","background-attachment":"scroll","background-type":"","background-media":"","overlay-type":"","overlay-color":"","overlay-opacity":"","overlay-gradient":""}},"_themeisle_gutenberg_block_has_review":false},"product_brand":[],"product_cat":[30,143],"product_tag":[],"class_list":{"0":"post-2966","1":"product","2":"type-product","3":"status-publish","4":"has-post-thumbnail","6":"product_cat-aguas","7":"product_cat-fonter","8":"desktop-align-center","9":"tablet-align-left","10":"mobile-align-left","12":"first","13":"instock","14":"taxable","15":"shipping-taxable","16":"product-type-simple"},"_links":{"self":[{"href":"https:\/\/ribetglobal.com\/index.php\/wp-json\/wp\/v2\/product\/2966","targetHints":{"allow":["GET"]}}],"collection":[{"href":"https:\/\/ribetglobal.com\/index.php\/wp-json\/wp\/v2\/product"}],"about":[{"href":"https:\/\/ribetglobal.com\/index.php\/wp-json\/wp\/v2\/types\/product"}],"version-history":[{"count":4,"href":"https:\/\/ribetglobal.com\/index.php\/wp-json\/wp\/v2\/product\/2966\/revisions"}],"predecessor-version":[{"id":3462,"href":"https:\/\/ribetglobal.com\/index.php\/wp-json\/wp\/v2\/product\/2966\/revisions\/3462"}],"wp:featuredmedia":[{"embeddable":true,"href":"https:\/\/ribetglobal.com\/index.php\/wp-json\/wp\/v2\/media\/2967"}],"wp:attachment":[{"href":"https:\/\/ribetglobal.com\/index.php\/wp-json\/wp\/v2\/media?parent=2966"}],"wp:term":[{"taxonomy":"product_brand","embeddable":true,"href":"https:\/\/ribetglobal.com\/index.php\/wp-json\/wp\/v2\/product_brand?post=2966"},{"taxonomy":"product_cat","embeddable":true,"href":"https:\/\/ribetglobal.com\/index.php\/wp-json\/wp\/v2\/product_cat?post=2966"},{"taxonomy":"product_tag","embeddable":true,"href":"https:\/\/ribetglobal.com\/index.php\/wp-json\/wp\/v2\/product_tag?post=2966"}],"curies":[{"name":"wp","href":"https:\/\/api.w.org\/{rel}","templated":true}]}}