{"id":2962,"date":"2024-11-15T15:36:58","date_gmt":"2024-11-15T14:36:58","guid":{"rendered":"https:\/\/ribetglobal.com\/?post_type=product&#038;p=2962"},"modified":"2024-12-20T11:23:49","modified_gmt":"2024-12-20T10:23:49","slug":"cacao-colacao-s-50-18g","status":"publish","type":"product","link":"https:\/\/ribetglobal.com\/index.php\/producto\/cacao-colacao-s-50-18g\/","title":{"rendered":"CACAO COLACAO S.50 18G"},"content":{"rendered":"<p><strong>Cacao Colacao S.50 18G<\/strong> es una opci\u00f3n perfecta para disfrutar de un delicioso y cremoso cacao en polvo en cualquier momento del d\u00eda. Con su sabor \u00fanico y caracter\u00edstico, este cacao es ideal para preparar bebidas calientes, como leche con cacao, o para a\u00f1adir un toque especial a tus recetas de postres y reposter\u00eda.<\/p>\n<p>Muy pr\u00e1ctico y f\u00e1cil de usar. Su presentaci\u00f3n en sobre de 18 gramos lo hace perfecto para una sola preparaci\u00f3n, ideal para aquellos que buscan una opci\u00f3n r\u00e1pida y deliciosa sin desperdiciar producto. Es perfecto para disfrutar en casa o llevar contigo cuando est\u00e1s fuera.<\/p>\n<p>Este cacao en polvo es muy popular en Espa\u00f1a y se encuentra f\u00e1cilmente en supermercados y tiendas de conveniencia. Es una excelente opci\u00f3n para quienes buscan un cacao sabroso, con una textura suave y cremosa, que se disuelve f\u00e1cilmente en leche caliente.<\/p>\n<p>Adem\u00e1s, <strong>Cacao Colacao S.50 18G<\/strong> es una opci\u00f3n deliciosa y nutritiva, rica en calcio y energ\u00eda, que te proporcionar\u00e1 un agradable sabor y te ayudar\u00e1 a comenzar el d\u00eda con energ\u00eda. Es una bebida ideal para toda la familia.<\/p>\n","protected":false},"excerpt":{"rendered":"<p>50 Sobres<\/p>\n","protected":false},"featured_media":2963,"template":"","meta":{"site-sidebar-layout":"default","site-content-layout":"","ast-site-content-layout":"default","site-content-style":"default","site-sidebar-style":"default","ast-global-header-display":"","ast-banner-title-visibility":"","ast-main-header-display":"","ast-hfb-above-header-display":"","ast-hfb-below-header-display":"","ast-hfb-mobile-header-display":"","site-post-title":"","ast-breadcrumbs-content":"","ast-featured-img":"","footer-sml-layout":"","ast-disable-related-posts":"","theme-transparent-header-meta":"default","adv-header-id-meta":"","stick-header-meta":"","header-above-stick-meta":"","header-main-stick-meta":"","header-below-stick-meta":"","astra-migrate-meta-layouts":"set","ast-page-background-enabled":"default","ast-page-background-meta":{"desktop":{"background-color":"var(--ast-global-color-4)","background-image":"","background-repeat":"repeat","background-position":"center center","background-size":"auto","background-attachment":"scroll","background-type":"","background-media":"","overlay-type":"","overlay-color":"","overlay-opacity":"","overlay-gradient":""},"tablet":{"background-color":"","background-image":"","background-repeat":"repeat","background-position":"center center","background-size":"auto","background-attachment":"scroll","background-type":"","background-media":"","overlay-type":"","overlay-color":"","overlay-opacity":"","overlay-gradient":""},"mobile":{"background-color":"","background-image":"","background-repeat":"repeat","background-position":"center center","background-size":"auto","background-attachment":"scroll","background-type":"","background-media":"","overlay-type":"","overlay-color":"","overlay-opacity":"","overlay-gradient":""}},"ast-content-background-meta":{"desktop":{"background-color":"var(--ast-global-color-5)","background-image":"","background-repeat":"repeat","background-position":"center center","background-size":"auto","background-attachment":"scroll","background-type":"","background-media":"","overlay-type":"","overlay-color":"","overlay-opacity":"","overlay-gradient":""},"tablet":{"background-color":"var(--ast-global-color-5)","background-image":"","background-repeat":"repeat","background-position":"center center","background-size":"auto","background-attachment":"scroll","background-type":"","background-media":"","overlay-type":"","overlay-color":"","overlay-opacity":"","overlay-gradient":""},"mobile":{"background-color":"var(--ast-global-color-5)","background-image":"","background-repeat":"repeat","background-position":"center center","background-size":"auto","background-attachment":"scroll","background-type":"","background-media":"","overlay-type":"","overlay-color":"","overlay-opacity":"","overlay-gradient":""}},"_themeisle_gutenberg_block_has_review":false},"product_brand":[],"product_cat":[31,153],"product_tag":[],"class_list":{"0":"post-2962","1":"product","2":"type-product","3":"status-publish","4":"has-post-thumbnail","6":"product_cat-alimentacion","7":"product_cat-colacao-alimentacion","8":"desktop-align-center","9":"tablet-align-left","10":"mobile-align-left","12":"first","13":"instock","14":"taxable","15":"shipping-taxable","16":"product-type-simple"},"_links":{"self":[{"href":"https:\/\/ribetglobal.com\/index.php\/wp-json\/wp\/v2\/product\/2962","targetHints":{"allow":["GET"]}}],"collection":[{"href":"https:\/\/ribetglobal.com\/index.php\/wp-json\/wp\/v2\/product"}],"about":[{"href":"https:\/\/ribetglobal.com\/index.php\/wp-json\/wp\/v2\/types\/product"}],"version-history":[{"count":4,"href":"https:\/\/ribetglobal.com\/index.php\/wp-json\/wp\/v2\/product\/2962\/revisions"}],"predecessor-version":[{"id":3526,"href":"https:\/\/ribetglobal.com\/index.php\/wp-json\/wp\/v2\/product\/2962\/revisions\/3526"}],"wp:featuredmedia":[{"embeddable":true,"href":"https:\/\/ribetglobal.com\/index.php\/wp-json\/wp\/v2\/media\/2963"}],"wp:attachment":[{"href":"https:\/\/ribetglobal.com\/index.php\/wp-json\/wp\/v2\/media?parent=2962"}],"wp:term":[{"taxonomy":"product_brand","embeddable":true,"href":"https:\/\/ribetglobal.com\/index.php\/wp-json\/wp\/v2\/product_brand?post=2962"},{"taxonomy":"product_cat","embeddable":true,"href":"https:\/\/ribetglobal.com\/index.php\/wp-json\/wp\/v2\/product_cat?post=2962"},{"taxonomy":"product_tag","embeddable":true,"href":"https:\/\/ribetglobal.com\/index.php\/wp-json\/wp\/v2\/product_tag?post=2962"}],"curies":[{"name":"wp","href":"https:\/\/api.w.org\/{rel}","templated":true}]}}