{"id":2931,"date":"2024-11-14T13:28:49","date_gmt":"2024-11-14T12:28:49","guid":{"rendered":"https:\/\/ribetglobal.com\/?post_type=product&#038;p=2931"},"modified":"2024-12-16T14:11:50","modified_gmt":"2024-12-16T13:11:50","slug":"leche-llet-nostra-semidesnatada-1l","status":"publish","type":"product","link":"https:\/\/ribetglobal.com\/index.php\/producto\/leche-llet-nostra-semidesnatada-1l\/","title":{"rendered":"LECHE LLET NOSTRA SEMIDESNATADA 1L."},"content":{"rendered":"<p>La <strong>Leche Llet Nostra Semidesnatada 1L<\/strong> es una opci\u00f3n ligera y saludable que conserva el delicioso sabor de la leche fresca, pero con menos grasa. Proveniente de ganader\u00edas locales, esta leche semidesnatada ofrece una textura suave y cremosa, ideal para quienes buscan una alternativa m\u00e1s ligera sin renunciar al sabor.<\/p>\n<p>La leche Llet Nostra Semidesnatada es muy popular en Espa\u00f1a y se encuentra f\u00e1cilmente en supermercados y tiendas de conveniencia. Su presentaci\u00f3n de 1 litro la hace ideal para el hogar, para disfrutar en familia o llevar a cualquier lugar.<\/p>\n<p>Esta leche es perfecta para quienes buscan una bebida equilibrada y nutritiva. Rica en calcio y vitaminas, es ideal para todas las edades y para aquellos que cuidan su ingesta de grasas sin perder los beneficios de la leche.<\/p>\n<p>Adem\u00e1s, la Leche Llet Nostra Semidesnatada 1L es muy vers\u00e1til. Se puede disfrutar en batidos, caf\u00e9, cereales o sola, siendo una opci\u00f3n deliciosa y saludable en cualquier momento del d\u00eda.<\/p>\n","protected":false},"excerpt":{"rendered":"<p>Pack de 6<\/p>\n","protected":false},"featured_media":2932,"template":"","meta":{"site-sidebar-layout":"default","site-content-layout":"","ast-site-content-layout":"default","site-content-style":"default","site-sidebar-style":"default","ast-global-header-display":"","ast-banner-title-visibility":"","ast-main-header-display":"","ast-hfb-above-header-display":"","ast-hfb-below-header-display":"","ast-hfb-mobile-header-display":"","site-post-title":"","ast-breadcrumbs-content":"","ast-featured-img":"","footer-sml-layout":"","ast-disable-related-posts":"","theme-transparent-header-meta":"default","adv-header-id-meta":"","stick-header-meta":"","header-above-stick-meta":"","header-main-stick-meta":"","header-below-stick-meta":"","astra-migrate-meta-layouts":"set","ast-page-background-enabled":"default","ast-page-background-meta":{"desktop":{"background-color":"var(--ast-global-color-4)","background-image":"","background-repeat":"repeat","background-position":"center center","background-size":"auto","background-attachment":"scroll","background-type":"","background-media":"","overlay-type":"","overlay-color":"","overlay-opacity":"","overlay-gradient":""},"tablet":{"background-color":"","background-image":"","background-repeat":"repeat","background-position":"center center","background-size":"auto","background-attachment":"scroll","background-type":"","background-media":"","overlay-type":"","overlay-color":"","overlay-opacity":"","overlay-gradient":""},"mobile":{"background-color":"","background-image":"","background-repeat":"repeat","background-position":"center center","background-size":"auto","background-attachment":"scroll","background-type":"","background-media":"","overlay-type":"","overlay-color":"","overlay-opacity":"","overlay-gradient":""}},"ast-content-background-meta":{"desktop":{"background-color":"var(--ast-global-color-5)","background-image":"","background-repeat":"repeat","background-position":"center center","background-size":"auto","background-attachment":"scroll","background-type":"","background-media":"","overlay-type":"","overlay-color":"","overlay-opacity":"","overlay-gradient":""},"tablet":{"background-color":"var(--ast-global-color-5)","background-image":"","background-repeat":"repeat","background-position":"center center","background-size":"auto","background-attachment":"scroll","background-type":"","background-media":"","overlay-type":"","overlay-color":"","overlay-opacity":"","overlay-gradient":""},"mobile":{"background-color":"var(--ast-global-color-5)","background-image":"","background-repeat":"repeat","background-position":"center center","background-size":"auto","background-attachment":"scroll","background-type":"","background-media":"","overlay-type":"","overlay-color":"","overlay-opacity":"","overlay-gradient":""}},"_themeisle_gutenberg_block_has_review":false},"product_brand":[],"product_cat":[135,137],"product_tag":[],"class_list":{"0":"post-2931","1":"product","2":"type-product","3":"status-publish","4":"has-post-thumbnail","6":"product_cat-lacteos","7":"product_cat-leche-llet-nostra","8":"desktop-align-center","9":"tablet-align-left","10":"mobile-align-left","12":"first","13":"instock","14":"taxable","15":"shipping-taxable","16":"product-type-simple"},"_links":{"self":[{"href":"https:\/\/ribetglobal.com\/index.php\/wp-json\/wp\/v2\/product\/2931","targetHints":{"allow":["GET"]}}],"collection":[{"href":"https:\/\/ribetglobal.com\/index.php\/wp-json\/wp\/v2\/product"}],"about":[{"href":"https:\/\/ribetglobal.com\/index.php\/wp-json\/wp\/v2\/types\/product"}],"version-history":[{"count":3,"href":"https:\/\/ribetglobal.com\/index.php\/wp-json\/wp\/v2\/product\/2931\/revisions"}],"predecessor-version":[{"id":3516,"href":"https:\/\/ribetglobal.com\/index.php\/wp-json\/wp\/v2\/product\/2931\/revisions\/3516"}],"wp:featuredmedia":[{"embeddable":true,"href":"https:\/\/ribetglobal.com\/index.php\/wp-json\/wp\/v2\/media\/2932"}],"wp:attachment":[{"href":"https:\/\/ribetglobal.com\/index.php\/wp-json\/wp\/v2\/media?parent=2931"}],"wp:term":[{"taxonomy":"product_brand","embeddable":true,"href":"https:\/\/ribetglobal.com\/index.php\/wp-json\/wp\/v2\/product_brand?post=2931"},{"taxonomy":"product_cat","embeddable":true,"href":"https:\/\/ribetglobal.com\/index.php\/wp-json\/wp\/v2\/product_cat?post=2931"},{"taxonomy":"product_tag","embeddable":true,"href":"https:\/\/ribetglobal.com\/index.php\/wp-json\/wp\/v2\/product_tag?post=2931"}],"curies":[{"name":"wp","href":"https:\/\/api.w.org\/{rel}","templated":true}]}}