{"id":2667,"date":"2024-01-30T04:10:34","date_gmt":"2024-01-30T03:10:34","guid":{"rendered":"https:\/\/ribetglobal.com\/index.php\/producto\/mahou-5-estrellas-blanca33-cl-nr\/"},"modified":"2024-12-20T12:10:29","modified_gmt":"2024-12-20T11:10:29","slug":"mahou-5-estrellas-blanca33-cl-nr","status":"publish","type":"product","link":"https:\/\/ribetglobal.com\/index.php\/producto\/mahou-5-estrellas-blanca33-cl-nr\/","title":{"rendered":"MAHOU 5* BOTELLA 33CL NR CAJA MARRON"},"content":{"rendered":"<p>Cerveza Mahou 5 Estrellas Botella Blanca 24 * 33 cl No Retornable<\/p>\n<p>La cerveza Mahou 5 Estrellas Botella Blanca es conocida por sus caracter\u00edsticas distintivas, que incluyen:<\/p>\n<p>1. Sabor equilibrado: Mahou 5 Estrellas es una cerveza de tipo Lager con un sabor suave y equilibrado, con notas ligeras de l\u00fapulo y malta.<\/p>\n<p>2. Aroma fresco: Presenta un aroma fresco y agradable, con matices sutiles que complementan su sabor.<\/p>\n<p>3. Color dorado claro: La cerveza Mahou 5 Estrellas tiene un color dorado claro y una apariencia brillante, lo que la hace visualmente atractiva.<\/p>\n<p>4. Tradici\u00f3n: Mahou es una marca con una larga tradici\u00f3n cervecera, con m\u00e1s de 125 a\u00f1os de experiencia en la elaboraci\u00f3n de cerveza.<\/p>\n<p>5. Versatilidad: Es una cerveza vers\u00e1til que se disfruta en una variedad de ocasiones y es popular en Espa\u00f1a y en otros mercados internacionales.<\/p>\n<p>Estas caracter\u00edsticas han contribuido a la reputaci\u00f3n de Mahou 5 Estrellas como una cerveza de calidad con un sabor distintivo y una larga historia de elaboraci\u00f3n artesanal.<br \/>\nEstas caracter\u00edsticas han contribuido a la reputaci\u00f3n de Mahou como una cerveza de calidad con un sabor distintivo y arraigada en la tradici\u00f3n cervecera espa\u00f1ola.<\/p>\n","protected":false},"excerpt":{"rendered":"<p>Pack de 24<\/p>\n","protected":false},"featured_media":2309,"template":"","meta":{"site-sidebar-layout":"default","site-content-layout":"","ast-site-content-layout":"default","site-content-style":"default","site-sidebar-style":"default","ast-global-header-display":"","ast-banner-title-visibility":"","ast-main-header-display":"","ast-hfb-above-header-display":"","ast-hfb-below-header-display":"","ast-hfb-mobile-header-display":"","site-post-title":"","ast-breadcrumbs-content":"","ast-featured-img":"","footer-sml-layout":"","ast-disable-related-posts":"","theme-transparent-header-meta":"default","adv-header-id-meta":"","stick-header-meta":"","header-above-stick-meta":"","header-main-stick-meta":"","header-below-stick-meta":"","astra-migrate-meta-layouts":"set","ast-page-background-enabled":"default","ast-page-background-meta":{"desktop":{"background-color":"var(--ast-global-color-4)","background-image":"","background-repeat":"repeat","background-position":"center center","background-size":"auto","background-attachment":"scroll","background-type":"","background-media":"","overlay-type":"","overlay-color":"","overlay-opacity":"","overlay-gradient":""},"tablet":{"background-color":"","background-image":"","background-repeat":"repeat","background-position":"center center","background-size":"auto","background-attachment":"scroll","background-type":"","background-media":"","overlay-type":"","overlay-color":"","overlay-opacity":"","overlay-gradient":""},"mobile":{"background-color":"","background-image":"","background-repeat":"repeat","background-position":"center center","background-size":"auto","background-attachment":"scroll","background-type":"","background-media":"","overlay-type":"","overlay-color":"","overlay-opacity":"","overlay-gradient":""}},"ast-content-background-meta":{"desktop":{"background-color":"var(--ast-global-color-5)","background-image":"","background-repeat":"repeat","background-position":"center center","background-size":"auto","background-attachment":"scroll","background-type":"","background-media":"","overlay-type":"","overlay-color":"","overlay-opacity":"","overlay-gradient":""},"tablet":{"background-color":"var(--ast-global-color-5)","background-image":"","background-repeat":"repeat","background-position":"center center","background-size":"auto","background-attachment":"scroll","background-type":"","background-media":"","overlay-type":"","overlay-color":"","overlay-opacity":"","overlay-gradient":""},"mobile":{"background-color":"var(--ast-global-color-5)","background-image":"","background-repeat":"repeat","background-position":"center center","background-size":"auto","background-attachment":"scroll","background-type":"","background-media":"","overlay-type":"","overlay-color":"","overlay-opacity":"","overlay-gradient":""}},"_themeisle_gutenberg_block_has_review":false},"product_brand":[],"product_cat":[28,59],"product_tag":[],"class_list":{"0":"post-2667","1":"product","2":"type-product","3":"status-publish","4":"has-post-thumbnail","6":"product_cat-cervezas","7":"product_cat-mahou","8":"desktop-align-center","9":"tablet-align-left","10":"mobile-align-left","12":"first","13":"onbackorder","14":"taxable","15":"shipping-taxable","16":"product-type-simple"},"_links":{"self":[{"href":"https:\/\/ribetglobal.com\/index.php\/wp-json\/wp\/v2\/product\/2667","targetHints":{"allow":["GET"]}}],"collection":[{"href":"https:\/\/ribetglobal.com\/index.php\/wp-json\/wp\/v2\/product"}],"about":[{"href":"https:\/\/ribetglobal.com\/index.php\/wp-json\/wp\/v2\/types\/product"}],"version-history":[{"count":7,"href":"https:\/\/ribetglobal.com\/index.php\/wp-json\/wp\/v2\/product\/2667\/revisions"}],"predecessor-version":[{"id":3568,"href":"https:\/\/ribetglobal.com\/index.php\/wp-json\/wp\/v2\/product\/2667\/revisions\/3568"}],"wp:featuredmedia":[{"embeddable":true,"href":"https:\/\/ribetglobal.com\/index.php\/wp-json\/wp\/v2\/media\/2309"}],"wp:attachment":[{"href":"https:\/\/ribetglobal.com\/index.php\/wp-json\/wp\/v2\/media?parent=2667"}],"wp:term":[{"taxonomy":"product_brand","embeddable":true,"href":"https:\/\/ribetglobal.com\/index.php\/wp-json\/wp\/v2\/product_brand?post=2667"},{"taxonomy":"product_cat","embeddable":true,"href":"https:\/\/ribetglobal.com\/index.php\/wp-json\/wp\/v2\/product_cat?post=2667"},{"taxonomy":"product_tag","embeddable":true,"href":"https:\/\/ribetglobal.com\/index.php\/wp-json\/wp\/v2\/product_tag?post=2667"}],"curies":[{"name":"wp","href":"https:\/\/api.w.org\/{rel}","templated":true}]}}