{"id":2842,"date":"2024-08-29T19:44:27","date_gmt":"2024-08-29T17:44:27","guid":{"rendered":"https:\/\/ribetglobal.com\/?page_id=2842"},"modified":"2024-08-30T03:59:35","modified_gmt":"2024-08-30T01:59:35","slug":"envio","status":"publish","type":"page","link":"https:\/\/ribetglobal.com\/index.php\/envio\/","title":{"rendered":"Env\u00edo"},"content":{"rendered":"\t\t<div data-elementor-type=\"wp-page\" data-elementor-id=\"2842\" class=\"elementor elementor-2842\">\n\t\t\t\t<div class=\"elementor-element elementor-element-47e2c25 e-flex e-con-boxed e-con e-parent\" data-id=\"47e2c25\" data-element_type=\"container\">\n\t\t\t\t\t<div class=\"e-con-inner\">\n\t\t\t\t<div class=\"elementor-element elementor-element-1f59854 elementor-widget elementor-widget-text-editor\" data-id=\"1f59854\" data-element_type=\"widget\" data-widget_type=\"text-editor.default\">\n\t\t\t\t<div class=\"elementor-widget-container\">\n\t\t\t\t\t\t\t\t\t<h3><span style=\"color: #333333;\"><strong><span style=\"font-size: 16px;\">\u00a1Descubre Nuestras Zonas de Env\u00edo y Recibe tus Productos R\u00e1pido!<\/span><\/strong><\/span><\/h3><p>En Ribet Global, nos apasiona ofrecerte la mejor experiencia de compra, y eso incluye hacer que recibir tus productos sea f\u00e1cil y r\u00e1pido.\u00a0<\/p><p>\u00bfD\u00f3nde Enviamos?<\/p><p>Ofrecemos env\u00edo a una variedad de ubicaciones, especificadas en el mapa.<\/p><p>Ventajas de Comprar con Nosotros<\/p><p>R\u00e1pido y Confiable: Nuestro compromiso es que recibas tus productos en el menor tiempo posible. Trabajamos con los mejores servicios de mensajer\u00eda para garantizar entregas r\u00e1pidas y seguras.<\/p>\t\t\t\t\t\t\t\t<\/div>\n\t\t\t\t<\/div>\n\t\t\t\t\t<\/div>\n\t\t\t\t<\/div>\n\t\t<div class=\"elementor-element elementor-element-04d7261 e-flex e-con-boxed e-con e-parent\" data-id=\"04d7261\" data-element_type=\"container\">\n\t\t\t\t\t<div class=\"e-con-inner\">\n\t\t<div class=\"elementor-element elementor-element-80f92b4 e-con-full e-flex e-con e-child\" data-id=\"80f92b4\" data-element_type=\"container\">\n\t\t\t\t<div class=\"elementor-element elementor-element-314c785 elementor-widget__width-inherit elementor-widget elementor-widget-image\" data-id=\"314c785\" data-element_type=\"widget\" data-widget_type=\"image.default\">\n\t\t\t\t<div class=\"elementor-widget-container\">\n\t\t\t\t\t\t\t\t\t\t\t\t\t\t\t<img fetchpriority=\"high\" decoding=\"async\" width=\"1500\" height=\"1500\" src=\"https:\/\/ribetglobal.com\/wp-content\/uploads\/2024\/08\/Envio-Mapa.png\" class=\"attachment-1536x1536 size-1536x1536 wp-image-2876\" alt=\"\" srcset=\"https:\/\/ribetglobal.com\/wp-content\/uploads\/2024\/08\/Envio-Mapa.png 1500w, https:\/\/ribetglobal.com\/wp-content\/uploads\/2024\/08\/Envio-Mapa-300x300.png 300w, https:\/\/ribetglobal.com\/wp-content\/uploads\/2024\/08\/Envio-Mapa-1024x1024.png 1024w, https:\/\/ribetglobal.com\/wp-content\/uploads\/2024\/08\/Envio-Mapa-150x150.png 150w, https:\/\/ribetglobal.com\/wp-content\/uploads\/2024\/08\/Envio-Mapa-768x768.png 768w, https:\/\/ribetglobal.com\/wp-content\/uploads\/2024\/08\/Envio-Mapa-600x600.png 600w, https:\/\/ribetglobal.com\/wp-content\/uploads\/2024\/08\/Envio-Mapa-100x100.png 100w, https:\/\/ribetglobal.com\/wp-content\/uploads\/2024\/08\/Envio-Mapa-64x64.png 64w\" sizes=\"(max-width: 1500px) 100vw, 1500px\" \/>\t\t\t\t\t\t\t\t\t\t\t\t\t\t\t<\/div>\n\t\t\t\t<\/div>\n\t\t\t\t<\/div>\n\t\t<div class=\"elementor-element elementor-element-9d49223 e-con-full e-flex e-con e-child\" data-id=\"9d49223\" data-element_type=\"container\">\n\t\t\t\t<div class=\"elementor-element elementor-element-0fbc3e0 elementor-widget elementor-widget-text-editor\" data-id=\"0fbc3e0\" data-element_type=\"widget\" data-widget_type=\"text-editor.default\">\n\t\t\t\t<div class=\"elementor-widget-container\">\n\t\t\t\t\t\t\t\t\t<p>Costos de Env\u00edo<\/p><p>Transparentes: Sin sorpresas. El coste de env\u00edo est\u00e1 incluido en nuestro servicio.\u00a0<\/p><p>\u00bfTienes Preguntas?<\/p><p>Nuestro equipo de atenci\u00f3n al cliente est\u00e1 aqu\u00ed para ayudarte. Si tienes alguna duda sobre nuestras zonas de env\u00edo o necesitas asistencia con tu pedido, no dudes en contactarnos.<\/p><p>\u00a0\u00a1Compra Ahora y Disfruta de Env\u00edos R\u00e1pidos y Seguros!<\/p><p>En\u00a0 Ribet Global, tu satisfacci\u00f3n es nuestra prioridad. Explora nuestro cat\u00e1logo y descubre todo lo que tenemos para ofrecerte. \u00a1Estamos ansiosos por llevarte tus productos favoritos!<\/p><p>Si necesitas ajustes o deseas incluir informaci\u00f3n espec\u00edfica, \u00a1h\u00e1zmelo saber!<\/p>\t\t\t\t\t\t\t\t<\/div>\n\t\t\t\t<\/div>\n\t\t\t\t<\/div>\n\t\t\t\t\t<\/div>\n\t\t\t\t<\/div>\n\t\t\t\t<\/div>\n\t\t","protected":false},"excerpt":{"rendered":"<p>\u00a1Descubre Nuestras Zonas de Env\u00edo y Recibe tus Productos R\u00e1pido! En Ribet Global, nos apasiona ofrecerte la mejor experiencia de compra, y eso incluye hacer que recibir tus productos sea f\u00e1cil y r\u00e1pido.\u00a0 \u00bfD\u00f3nde Enviamos? Ofrecemos env\u00edo a una variedad de ubicaciones, especificadas en el mapa. Ventajas de Comprar con Nosotros R\u00e1pido y Confiable: Nuestro [&hellip;]<\/p>\n","protected":false},"author":1,"featured_media":0,"parent":0,"menu_order":0,"comment_status":"closed","ping_status":"closed","template":"","meta":{"site-sidebar-layout":"no-sidebar","site-content-layout":"","ast-site-content-layout":"full-width-container","site-content-style":"default","site-sidebar-style":"default","ast-global-header-display":"","ast-banner-title-visibility":"","ast-main-header-display":"","ast-hfb-above-header-display":"","ast-hfb-below-header-display":"","ast-hfb-mobile-header-display":"","site-post-title":"disabled","ast-breadcrumbs-content":"","ast-featured-img":"disabled","footer-sml-layout":"","ast-disable-related-posts":"","theme-transparent-header-meta":"","adv-header-id-meta":"","stick-header-meta":"","header-above-stick-meta":"","header-main-stick-meta":"","header-below-stick-meta":"","astra-migrate-meta-layouts":"default","ast-page-background-enabled":"default","ast-page-background-meta":{"desktop":{"background-color":"var(--ast-global-color-4)","background-image":"","background-repeat":"repeat","background-position":"center center","background-size":"auto","background-attachment":"scroll","background-type":"","background-media":"","overlay-type":"","overlay-color":"","overlay-opacity":"","overlay-gradient":""},"tablet":{"background-color":"","background-image":"","background-repeat":"repeat","background-position":"center center","background-size":"auto","background-attachment":"scroll","background-type":"","background-media":"","overlay-type":"","overlay-color":"","overlay-opacity":"","overlay-gradient":""},"mobile":{"background-color":"","background-image":"","background-repeat":"repeat","background-position":"center center","background-size":"auto","background-attachment":"scroll","background-type":"","background-media":"","overlay-type":"","overlay-color":"","overlay-opacity":"","overlay-gradient":""}},"ast-content-background-meta":{"desktop":{"background-color":"var(--ast-global-color-5)","background-image":"","background-repeat":"repeat","background-position":"center center","background-size":"auto","background-attachment":"scroll","background-type":"","background-media":"","overlay-type":"","overlay-color":"","overlay-opacity":"","overlay-gradient":""},"tablet":{"background-color":"var(--ast-global-color-5)","background-image":"","background-repeat":"repeat","background-position":"center center","background-size":"auto","background-attachment":"scroll","background-type":"","background-media":"","overlay-type":"","overlay-color":"","overlay-opacity":"","overlay-gradient":""},"mobile":{"background-color":"var(--ast-global-color-5)","background-image":"","background-repeat":"repeat","background-position":"center center","background-size":"auto","background-attachment":"scroll","background-type":"","background-media":"","overlay-type":"","overlay-color":"","overlay-opacity":"","overlay-gradient":""}},"_themeisle_gutenberg_block_has_review":false,"footnotes":""},"class_list":["post-2842","page","type-page","status-publish","hentry"],"_links":{"self":[{"href":"https:\/\/ribetglobal.com\/index.php\/wp-json\/wp\/v2\/pages\/2842","targetHints":{"allow":["GET"]}}],"collection":[{"href":"https:\/\/ribetglobal.com\/index.php\/wp-json\/wp\/v2\/pages"}],"about":[{"href":"https:\/\/ribetglobal.com\/index.php\/wp-json\/wp\/v2\/types\/page"}],"author":[{"embeddable":true,"href":"https:\/\/ribetglobal.com\/index.php\/wp-json\/wp\/v2\/users\/1"}],"replies":[{"embeddable":true,"href":"https:\/\/ribetglobal.com\/index.php\/wp-json\/wp\/v2\/comments?post=2842"}],"version-history":[{"count":25,"href":"https:\/\/ribetglobal.com\/index.php\/wp-json\/wp\/v2\/pages\/2842\/revisions"}],"predecessor-version":[{"id":2879,"href":"https:\/\/ribetglobal.com\/index.php\/wp-json\/wp\/v2\/pages\/2842\/revisions\/2879"}],"wp:attachment":[{"href":"https:\/\/ribetglobal.com\/index.php\/wp-json\/wp\/v2\/media?parent=2842"}],"curies":[{"name":"wp","href":"https:\/\/api.w.org\/{rel}","templated":true}]}}